{"id":41,"date":"2021-08-06T08:17:04","date_gmt":"2021-08-06T08:17:04","guid":{"rendered":"http:\/\/bullarebygdenscamping.se.loopiadns.com\/?page_id=41"},"modified":"2024-10-12T15:43:15","modified_gmt":"2024-10-12T13:43:15","slug":"receptionen","status":"publish","type":"page","link":"https:\/\/bullarebygdenscamping.se\/en\/receptionen\/","title":{"rendered":"The reception\/Opening hours"},"content":{"rendered":"<h1><img loading=\"lazy\" decoding=\"async\" class=\"alignnone  wp-image-1017 aligncenter\" src=\"http:\/\/bullarebygdenscamping.se.loopiadns.com\/wp-content\/uploads\/2022\/02\/b-loggan-300x102.png\" alt=\"\" width=\"259\" height=\"88\" srcset=\"https:\/\/bullarebygdenscamping.se\/wp-content\/uploads\/2022\/02\/b-loggan-300x102.png 300w, https:\/\/bullarebygdenscamping.se\/wp-content\/uploads\/2022\/02\/b-loggan-1024x347.png 1024w, https:\/\/bullarebygdenscamping.se\/wp-content\/uploads\/2022\/02\/b-loggan-768x260.png 768w, https:\/\/bullarebygdenscamping.se\/wp-content\/uploads\/2022\/02\/b-loggan-750x254.png 750w, https:\/\/bullarebygdenscamping.se\/wp-content\/uploads\/2022\/02\/b-loggan.png 1108w\" sizes=\"auto, (max-width: 259px) 100vw, 259px\" \/><\/h1>\n<h1 style=\"text-align: center;\">The campsite is open all year round.<\/h1>\n<h4 style=\"text-align: center;\">L\u00e5gs\u00e4songen \u00e4r h\u00e4r och nu har vi endast \u00f6ppet receptionen p\u00e5 helgerna. Beh\u00f6ver ni komma i kontakt med oss, g\u00f6r ni det l\u00e4ttast p\u00e5 v\u00e5rt nummer +4652552003 eller om ni mailar p\u00e5: bullarebygdens.camping@telia.com\u00a0<\/h4>\n<p><img loading=\"lazy\" decoding=\"async\" class=\"size-medium wp-image-3398 aligncenter\" src=\"http:\/\/bullarebygdenscamping.se.loopiadns.com\/wp-content\/uploads\/2024\/08\/447826127_7817689421643959_223828695429438341_n-1-360x480.jpg\" alt=\"\" width=\"360\" height=\"480\" srcset=\"https:\/\/bullarebygdenscamping.se\/wp-content\/uploads\/2024\/08\/447826127_7817689421643959_223828695429438341_n-1-360x480.jpg 360w, https:\/\/bullarebygdenscamping.se\/wp-content\/uploads\/2024\/08\/447826127_7817689421643959_223828695429438341_n-1-1440x1920.jpg 1440w, https:\/\/bullarebygdenscamping.se\/wp-content\/uploads\/2024\/08\/447826127_7817689421643959_223828695429438341_n-1-768x1024.jpg 768w, https:\/\/bullarebygdenscamping.se\/wp-content\/uploads\/2024\/08\/447826127_7817689421643959_223828695429438341_n-1-1152x1536.jpg 1152w, https:\/\/bullarebygdenscamping.se\/wp-content\/uploads\/2024\/08\/447826127_7817689421643959_223828695429438341_n-1-9x12.jpg 9w, https:\/\/bullarebygdenscamping.se\/wp-content\/uploads\/2024\/08\/447826127_7817689421643959_223828695429438341_n-1.jpg 1536w\" sizes=\"auto, (max-width: 360px) 100vw, 360px\" \/><br \/>The bull has now gone, far into the forest and only comes out on rare occasions. He is mostly out during the high season. He greets all the children so well.\u00a0 \u00a0 \u00a0 \u00a0 \u00a0 \u00a0 \u00a0 \u00a0 \u00a0 \u00a0 \u00a0 \u00a0 \u00a0 \u00a0 \u00a0 \u00a0 \u00a0 \u00a0 \u00a0 \u00a0 \u00a0 \u00a0 \u00a0 \u00a0 \u00a0 \u00a0 \u00a0 \u00a0 \u00a0 \u00a0 \u00a0 \u00a0 \u00a0 \u00a0 \u00a0 \u00a0 \u00a0 \u00a0 \u00a0 \u00a0 \u00a0 \u00a0 \u00a0 \u00a0 \u00a0 \u00a0 \u00a0 \u00a0 \u00a0 \u00a0<\/p>\n<p style=\"text-align: center;\">&#8230;&#8230;&#8230;&#8230;&#8230;&#8230;&#8230;&#8230;&#8230;&#8230;&#8230;&#8230;&#8230;&#8230;&#8230;&#8230;&#8230;&#8230;&#8230;&#8230;&#8230;&#8230;&#8230;&#8230;&#8230;&#8230;&#8230;&#8230;&#8230;&#8230;&#8230;&#8230;&#8230;&#8230;&#8230;&#8230;&#8230;&#8230;&#8230;&#8230;&#8230;.<\/p>\n<h1 style=\"text-align: center;\">\u00a0<\/h1>\n<h1 style=\"text-align: center;\">The reception\/service shop<\/h1>\n<p style=\"text-align: center;\">In the morning we have freshly baked rolls and freshly baked cinnamon buns. Everything for a mini-camping breakfast! Now we also have large baguettes with filling to order. We have a lot of souvenirs and toys for sale.<\/p>\n<p style=\"text-align: center;\">If you have requests or suggestions for improvement, you are more than happy to put them in the suggestion box, which hangs on the wall outside the reception.<\/p>\n<p style=\"text-align: center;\">\u00a0<\/p>\n<p style=\"text-align: center;\"><img loading=\"lazy\" decoding=\"async\" class=\"alignnone size-medium wp-image-3323\" src=\"http:\/\/bullarebygdenscamping.se.loopiadns.com\/wp-content\/uploads\/2024\/08\/428694386_7817682271644674_7362437559155314778_n-2-480x360.jpg\" alt=\"\" width=\"480\" height=\"360\" srcset=\"https:\/\/bullarebygdenscamping.se\/wp-content\/uploads\/2024\/08\/428694386_7817682271644674_7362437559155314778_n-2-480x360.jpg 480w, https:\/\/bullarebygdenscamping.se\/wp-content\/uploads\/2024\/08\/428694386_7817682271644674_7362437559155314778_n-2-1920x1440.jpg 1920w, https:\/\/bullarebygdenscamping.se\/wp-content\/uploads\/2024\/08\/428694386_7817682271644674_7362437559155314778_n-2-768x576.jpg 768w, https:\/\/bullarebygdenscamping.se\/wp-content\/uploads\/2024\/08\/428694386_7817682271644674_7362437559155314778_n-2-1536x1152.jpg 1536w, https:\/\/bullarebygdenscamping.se\/wp-content\/uploads\/2024\/08\/428694386_7817682271644674_7362437559155314778_n-2-16x12.jpg 16w, https:\/\/bullarebygdenscamping.se\/wp-content\/uploads\/2024\/08\/428694386_7817682271644674_7362437559155314778_n-2.jpg 2048w\" sizes=\"auto, (max-width: 480px) 100vw, 480px\" \/><\/p>\n<h2 style=\"text-align: center;\">\u00a0<\/h2>\n<p style=\"text-align: center;\">\u00a0<\/p>\n<p style=\"text-align: center;\">\u00a0<\/p>\n<p style=\"text-align: center;\">\u00a0<\/p>\n<p style=\"text-align: center;\">\u00a0<\/p>\n<p style=\"text-align: center;\">\u00a0<\/p>\n<p style=\"text-align: center;\">\u00a0<\/p>\n<p style=\"text-align: center;\">Uppdaterat: 2024-10-12<\/p>","protected":false},"excerpt":{"rendered":"<p>Campingen har \u00f6ppet \u00e5ret runt. L\u00e5gs\u00e4songen \u00e4r h\u00e4r och nu har vi endast \u00f6ppet receptionen p\u00e5 helgerna. Beh\u00f6ver ni komma i kontakt med oss, g\u00f6r ni det l\u00e4ttast p\u00e5 v\u00e5rt nummer +4652552003 eller om ni mailar p\u00e5: bullarebygdens.camping@telia.com\u00a0 Bullen har nu g\u00e5tt, l\u00e5ngt in i skogen och kommer endast fram vid enstaka tillf\u00e4llen. Han \u00e4r<\/p>","protected":false},"author":3,"featured_media":94,"parent":0,"menu_order":0,"comment_status":"closed","ping_status":"closed","template":"","meta":{"footnotes":""},"class_list":["post-41","page","type-page","status-publish","has-post-thumbnail","hentry"],"_links":{"self":[{"href":"https:\/\/bullarebygdenscamping.se\/en\/wp-json\/wp\/v2\/pages\/41","targetHints":{"allow":["GET"]}}],"collection":[{"href":"https:\/\/bullarebygdenscamping.se\/en\/wp-json\/wp\/v2\/pages"}],"about":[{"href":"https:\/\/bullarebygdenscamping.se\/en\/wp-json\/wp\/v2\/types\/page"}],"author":[{"embeddable":true,"href":"https:\/\/bullarebygdenscamping.se\/en\/wp-json\/wp\/v2\/users\/3"}],"replies":[{"embeddable":true,"href":"https:\/\/bullarebygdenscamping.se\/en\/wp-json\/wp\/v2\/comments?post=41"}],"version-history":[{"count":5,"href":"https:\/\/bullarebygdenscamping.se\/en\/wp-json\/wp\/v2\/pages\/41\/revisions"}],"predecessor-version":[{"id":3493,"href":"https:\/\/bullarebygdenscamping.se\/en\/wp-json\/wp\/v2\/pages\/41\/revisions\/3493"}],"wp:featuredmedia":[{"embeddable":true,"href":"https:\/\/bullarebygdenscamping.se\/en\/wp-json\/wp\/v2\/media\/94"}],"wp:attachment":[{"href":"https:\/\/bullarebygdenscamping.se\/en\/wp-json\/wp\/v2\/media?parent=41"}],"curies":[{"name":"wp","href":"https:\/\/api.w.org\/{rel}","templated":true}]}}