{"id":1480,"date":"2022-03-30T14:16:39","date_gmt":"2022-03-30T12:16:39","guid":{"rendered":"http:\/\/bullarebygdenscamping.se.loopiadns.com\/?page_id=1480"},"modified":"2025-12-03T15:16:34","modified_gmt":"2025-12-03T14:16:34","slug":"restaurangen","status":"publish","type":"page","link":"https:\/\/bullarebygdenscamping.se\/en\/restaurangen\/","title":{"rendered":"The restaurant"},"content":{"rendered":"<div id=\"page-header-2003755787\" class=\"page-header-wrapper\">\n  <div class=\"page-title dark featured-title has-parallax\">\n\n        <div class=\"page-title-bg\">\n      <div class=\"title-bg fill bg-fill\"\n        data-parallax-container=\".page-title\"\n        data-parallax-background\n data-parallax=\"-2\">\n      <\/div>\n      <div class=\"title-overlay fill\"><\/div>\n    <\/div>\n    \n    <div class=\"page-title-inner container align-bottom text-center flex-row-col medium-flex-wrap\" >\n              <div class=\"title-wrapper is-xxlarge flex-col\">\n          <h1 class=\"entry-title mb-0\">\n            The restaurant          <\/h1>\n        <\/div>\n                    <div class=\"title-content flex-col\">\n        <div class=\"title-breadcrumbs pb-half pt-half\"><\/div>      <\/div>\n    <\/div>\n\n     \n<style>\n#page-header-2003755787 .page-title-inner {\n  min-height: 350px;\n}\n#page-header-2003755787 .title-bg {\n  background-image: url(https:\/\/bullarebygdenscamping.se\/wp-content\/uploads\/2025\/03\/483580079_122117707274712425_4655996660097890582_n.jpg);\n  background-position: 52% 65%;\n}\n<\/style>\n  <\/div>\n    <\/div>\n  \n\n\n\t<section class=\"section has-parallax\" id=\"section_1159540036\">\n\t\t<div class=\"section-bg fill\" data-parallax-container=\".section\" data-parallax-background data-parallax=\"-4\">\n\t\t\t<img loading=\"lazy\" decoding=\"async\" width=\"2560\" height=\"960\" src=\"https:\/\/bullarebygdenscamping.se\/wp-content\/uploads\/2025\/04\/AdobeStock_587876707-scaled.png\" class=\"bg attachment- size-\" alt=\"\" \/>\t\t\t\t\t\t<div class=\"section-bg-overlay absolute fill\"><\/div>\n\t\t\t\n\n\t\t<\/div>\n\n\t\t\n\n\t\t<div class=\"section-content relative\">\n\t\t\t\n\n<div class=\"row row-full-width align-equal align-center\"  id=\"row-1439214224\">\n\n\n\t<div id=\"col-1745598136\" class=\"col medium-9 small-12 large-9\"  data-animate=\"flipInY\">\n\t\t\t\t<div class=\"col-inner text-center\"  >\n\t\t\t\n\t\t\t\n\n<div class=\"ux-logo has-hover align-middle ux_logo inline-block\" style=\"max-width: 100%!important; width: 668.04491413474px!important\"><a class=\"ux-logo-link block image-zoom\" title=\"\" target=\"_blank\" rel=\"noopener\" href=\"https:\/\/www.jillsdiner.se\/\" style=\"padding: 15px;\"><img decoding=\"async\" src=\"https:\/\/bullarebygdenscamping.se\/wp-content\/uploads\/2024\/11\/jills_logo.png\" title=\"\" alt=\"\" class=\"ux-logo-image block\" style=\"height:150px;\" \/><\/a><\/div>\n\n\n\t\t<\/div>\n\t\t\t\t\t<\/div>\n\n\t\n\n<\/div>\n<div class=\"row row-full-width align-middle align-center\"  id=\"row-2119333215\">\n\n\n\t<div id=\"col-1121743968\" class=\"col medium-11 small-12 large-3\"  >\n\t\t\t\t<div class=\"col-inner text-left\"  >\n\t\t\t\n\t\t\t\n\n\t<div id=\"text-3169053286\" class=\"text\">\n\t\t\n\n<h2>Jill&#8217;s Diner<\/h2>\n\t\t\n<style>\n#text-3169053286 {\n  color: rgb(0,0,0);\n}\n#text-3169053286 > * {\n  color: rgb(0,0,0);\n}\n<\/style>\n\t<\/div>\n\t\n\t<div id=\"text-2785488185\" class=\"text\">\n\t\t\n\n<p>Nu \u00e4r Jill\u00b4s Diner ig\u00e5ng &amp; ni \u00e4r varmt v\u00e4lkomna!<br \/>Restaurangen har \u00f6ppet varje helg, hela \u00e5ret.<br \/>Ni kan l\u00e4sa mer om restaurangen p\u00e5 deras hemsida.<\/p>\n<p><a href=\"https:\/\/jillsdiner.se\">www.jillsdiner.se <\/a><br \/><strong>Kontakt:<\/strong> <a href=\"mailto:kontakt@jillsdiner.se\">kontakt@jillsdiner.se<\/a><\/p>\n\t\t\n<style>\n#text-2785488185 {\n  color: rgb(0,0,0);\n}\n#text-2785488185 > * {\n  color: rgb(0,0,0);\n}\n<\/style>\n\t<\/div>\n\t\n\t<div id=\"text-2050223733\" class=\"text\">\n\t\t\n\n<h3>Opening hours<\/h3>\n<p><b>Bes\u00f6k hemsidan f\u00f6r mer information.<\/b><\/p>\n\t\t\n<style>\n#text-2050223733 {\n  color: rgb(0,0,0);\n}\n#text-2050223733 > * {\n  color: rgb(0,0,0);\n}\n<\/style>\n\t<\/div>\n\t\n\n\t\t<\/div>\n\t\t\t\t\n<style>\n#col-1121743968 > .col-inner {\n  padding: 25px 25px 25px 25px;\n}\n<\/style>\n\t<\/div>\n\n\t\n\n\t<div id=\"col-730147240\" class=\"col medium-11 small-12 large-6\"  >\n\t\t\t\t<div class=\"col-inner\"  >\n\t\t\t\n\t\t\t\n\n  <div class=\"banner-grid-wrapper\">\n  <div id=\"banner-grid-1209307964\" class=\"banner-grid row row-grid row-small row-full-width\" data-packery-options=\"\">\n                      \n\n<div class=\"col grid-col small-12 large-6 grid-col-2-3\" ><div class=\"col-inner\">\n\n\t<div class=\"img has-hover x md-x lg-x y md-y lg-y\" id=\"image_533523641\">\n\t\t\t\t\t\t\t\t<div class=\"img-inner dark\" >\n\t\t\t<img loading=\"lazy\" decoding=\"async\" width=\"1020\" height=\"765\" src=\"https:\/\/bullarebygdenscamping.se\/wp-content\/uploads\/2025\/03\/484064452_122118271940712425_8869114403240235285_n-1920x1440.jpg\" class=\"attachment-large size-large\" alt=\"\" srcset=\"https:\/\/bullarebygdenscamping.se\/wp-content\/uploads\/2025\/03\/484064452_122118271940712425_8869114403240235285_n-1920x1440.jpg 1920w, https:\/\/bullarebygdenscamping.se\/wp-content\/uploads\/2025\/03\/484064452_122118271940712425_8869114403240235285_n-480x360.jpg 480w, https:\/\/bullarebygdenscamping.se\/wp-content\/uploads\/2025\/03\/484064452_122118271940712425_8869114403240235285_n-768x576.jpg 768w, https:\/\/bullarebygdenscamping.se\/wp-content\/uploads\/2025\/03\/484064452_122118271940712425_8869114403240235285_n-1536x1152.jpg 1536w, https:\/\/bullarebygdenscamping.se\/wp-content\/uploads\/2025\/03\/484064452_122118271940712425_8869114403240235285_n-16x12.jpg 16w, https:\/\/bullarebygdenscamping.se\/wp-content\/uploads\/2025\/03\/484064452_122118271940712425_8869114403240235285_n.jpg 2048w\" sizes=\"auto, (max-width: 1020px) 100vw, 1020px\" \/>\t\t\t\t\t\t\n\t\t\t\t\t<\/div>\n\t\t\t\t\t\t\t\t\n<style>\n#image_533523641 {\n  width: 100%;\n}\n<\/style>\n\t<\/div>\n\t\n\n\n<\/div><\/div>\n<div class=\"col grid-col small-12 large-6 grid-col-1-2\" ><div class=\"col-inner\">\n\n\t<div class=\"img has-hover x md-x lg-x y md-y lg-y\" id=\"image_1697936209\">\n\t\t\t\t\t\t\t\t<div class=\"img-inner dark\" >\n\t\t\t<img loading=\"lazy\" decoding=\"async\" width=\"1020\" height=\"660\" src=\"https:\/\/bullarebygdenscamping.se\/wp-content\/uploads\/2025\/03\/474979559_122109445550712425_2880691865625914893_n-1920x1243.jpg\" class=\"attachment-large size-large\" alt=\"\" srcset=\"https:\/\/bullarebygdenscamping.se\/wp-content\/uploads\/2025\/03\/474979559_122109445550712425_2880691865625914893_n-1920x1243.jpg 1920w, https:\/\/bullarebygdenscamping.se\/wp-content\/uploads\/2025\/03\/474979559_122109445550712425_2880691865625914893_n-480x311.jpg 480w, https:\/\/bullarebygdenscamping.se\/wp-content\/uploads\/2025\/03\/474979559_122109445550712425_2880691865625914893_n-768x497.jpg 768w, https:\/\/bullarebygdenscamping.se\/wp-content\/uploads\/2025\/03\/474979559_122109445550712425_2880691865625914893_n-1536x995.jpg 1536w, https:\/\/bullarebygdenscamping.se\/wp-content\/uploads\/2025\/03\/474979559_122109445550712425_2880691865625914893_n-18x12.jpg 18w, https:\/\/bullarebygdenscamping.se\/wp-content\/uploads\/2025\/03\/474979559_122109445550712425_2880691865625914893_n.jpg 2048w\" sizes=\"auto, (max-width: 1020px) 100vw, 1020px\" \/>\t\t\t\t\t\t\n\t\t\t\t\t<\/div>\n\t\t\t\t\t\t\t\t\n<style>\n#image_1697936209 {\n  width: 100%;\n}\n<\/style>\n\t<\/div>\n\t\n\n\n<\/div><\/div>\n<div class=\"col grid-col small-12 large-3 grid-col-1-2\" ><div class=\"col-inner\">\n\n\t<div class=\"img has-hover x md-x lg-x y md-y lg-y\" id=\"image_823577481\">\n\t\t\t\t\t\t\t\t<div class=\"img-inner dark\" >\n\t\t\t<img loading=\"lazy\" decoding=\"async\" width=\"957\" height=\"720\" src=\"https:\/\/bullarebygdenscamping.se\/wp-content\/uploads\/2025\/03\/482316476_122116867502712425_8602053789716720872_n.jpg\" class=\"attachment-large size-large\" alt=\"\" srcset=\"https:\/\/bullarebygdenscamping.se\/wp-content\/uploads\/2025\/03\/482316476_122116867502712425_8602053789716720872_n.jpg 957w, https:\/\/bullarebygdenscamping.se\/wp-content\/uploads\/2025\/03\/482316476_122116867502712425_8602053789716720872_n-480x361.jpg 480w, https:\/\/bullarebygdenscamping.se\/wp-content\/uploads\/2025\/03\/482316476_122116867502712425_8602053789716720872_n-768x578.jpg 768w, https:\/\/bullarebygdenscamping.se\/wp-content\/uploads\/2025\/03\/482316476_122116867502712425_8602053789716720872_n-16x12.jpg 16w\" sizes=\"auto, (max-width: 957px) 100vw, 957px\" \/>\t\t\t\t\t\t\n\t\t\t\t\t<\/div>\n\t\t\t\t\t\t\t\t\n<style>\n#image_823577481 {\n  width: 100%;\n}\n<\/style>\n\t<\/div>\n\t\n\n\n<\/div><\/div>\n<div class=\"col grid-col small-12 large-3 grid-col-1-2\" ><div class=\"col-inner\">\n\n\t<div class=\"img has-hover x md-x lg-x y md-y lg-y\" id=\"image_2115273748\">\n\t\t\t\t\t\t\t\t<div class=\"img-inner dark\" >\n\t\t\t<img loading=\"lazy\" decoding=\"async\" width=\"1020\" height=\"677\" src=\"https:\/\/bullarebygdenscamping.se\/wp-content\/uploads\/2025\/03\/474948390_122109369806712425_2333452432340673909_n-1920x1275.jpg\" class=\"attachment-large size-large\" alt=\"\" srcset=\"https:\/\/bullarebygdenscamping.se\/wp-content\/uploads\/2025\/03\/474948390_122109369806712425_2333452432340673909_n-1920x1275.jpg 1920w, https:\/\/bullarebygdenscamping.se\/wp-content\/uploads\/2025\/03\/474948390_122109369806712425_2333452432340673909_n-480x319.jpg 480w, https:\/\/bullarebygdenscamping.se\/wp-content\/uploads\/2025\/03\/474948390_122109369806712425_2333452432340673909_n-768x510.jpg 768w, https:\/\/bullarebygdenscamping.se\/wp-content\/uploads\/2025\/03\/474948390_122109369806712425_2333452432340673909_n-1536x1020.jpg 1536w, https:\/\/bullarebygdenscamping.se\/wp-content\/uploads\/2025\/03\/474948390_122109369806712425_2333452432340673909_n-18x12.jpg 18w, https:\/\/bullarebygdenscamping.se\/wp-content\/uploads\/2025\/03\/474948390_122109369806712425_2333452432340673909_n.jpg 2048w\" sizes=\"auto, (max-width: 1020px) 100vw, 1020px\" \/>\t\t\t\t\t\t\n\t\t\t\t\t<\/div>\n\t\t\t\t\t\t\t\t\n<style>\n#image_2115273748 {\n  width: 100%;\n}\n<\/style>\n\t<\/div>\n\t\n\n\n<\/div><\/div>\n<div class=\"col grid-col small-12 large-6 grid-col-1-3\" ><div class=\"col-inner\">\n\n\t<div class=\"img has-hover x md-x lg-x y md-y lg-y\" id=\"image_1786875184\">\n\t\t\t\t\t\t\t\t<div class=\"img-inner dark\" >\n\t\t\t<img loading=\"lazy\" decoding=\"async\" width=\"1020\" height=\"677\" src=\"https:\/\/bullarebygdenscamping.se\/wp-content\/uploads\/2025\/03\/483580079_122117707274712425_4655996660097890582_n-1920x1275.jpg\" class=\"attachment-large size-large\" alt=\"\" srcset=\"https:\/\/bullarebygdenscamping.se\/wp-content\/uploads\/2025\/03\/483580079_122117707274712425_4655996660097890582_n-1920x1275.jpg 1920w, https:\/\/bullarebygdenscamping.se\/wp-content\/uploads\/2025\/03\/483580079_122117707274712425_4655996660097890582_n-480x319.jpg 480w, https:\/\/bullarebygdenscamping.se\/wp-content\/uploads\/2025\/03\/483580079_122117707274712425_4655996660097890582_n-768x510.jpg 768w, https:\/\/bullarebygdenscamping.se\/wp-content\/uploads\/2025\/03\/483580079_122117707274712425_4655996660097890582_n-1536x1020.jpg 1536w, https:\/\/bullarebygdenscamping.se\/wp-content\/uploads\/2025\/03\/483580079_122117707274712425_4655996660097890582_n-18x12.jpg 18w, https:\/\/bullarebygdenscamping.se\/wp-content\/uploads\/2025\/03\/483580079_122117707274712425_4655996660097890582_n.jpg 2048w\" sizes=\"auto, (max-width: 1020px) 100vw, 1020px\" \/>\t\t\t\t\t\t\n\t\t\t\t\t<\/div>\n\t\t\t\t\t\t\t\t\n<style>\n#image_1786875184 {\n  width: 100%;\n}\n<\/style>\n\t<\/div>\n\t\n\n\n<\/div><\/div>\n\n            <\/div>\n    <style>\n    #banner-grid-1209307964 .grid-col-1{height: 600px}\n    #banner-grid-1209307964 .grid-col-1-2{height: 300px}\n    #banner-grid-1209307964 .grid-col-1-3{height:200px}\n    #banner-grid-1209307964 .grid-col-2-3{height: 400px}\n    #banner-grid-1209307964 .grid-col-1-4{height: 150px}\n    #banner-grid-1209307964 .grid-col-3-4{height: 450px}\n\n\n    \n    \n\n  <\/style>\n    <\/div>\n  \n\n\t\t<\/div>\n\t\t\t\t\n<style>\n#col-730147240 > .col-inner {\n  padding: 25px 0px 25px 25px;\n}\n@media (min-width:550px) {\n  #col-730147240 > .col-inner {\n    padding: 25px 0px 25px 25px;\n  }\n}\n<\/style>\n\t<\/div>\n\n\t\n\n<\/div>\n\n\t\t<\/div>\n\n\t\t\n<style>\n#section_1159540036 {\n  padding-top: 30px;\n  padding-bottom: 30px;\n}\n#section_1159540036 .section-bg-overlay {\n  background-color: rgba(255, 255, 255, 0.942);\n}\n<\/style>\n\t<\/section>\n\t\n\n\t<section class=\"section\" id=\"section_1495150554\">\n\t\t<div class=\"section-bg fill\" >\n\t\t\t\t\t\t\t\t\t\n\t\t\t\n\n\t\t<\/div>\n\n\t\t\n\n\t\t<div class=\"section-content relative\">\n\t\t\t\n\n<div class=\"row row-collapse row-full-width align-equal align-center\"  id=\"row-617040463\">\n\n\n\t<div id=\"col-753668600\" class=\"col small-12 large-12\"  >\n\t\t\t\t<div class=\"col-inner\"  >\n\t\t\t\n\t\t\t\n\n\n  <div class=\"banner has-hover has-parallax\" id=\"banner-81151988\">\n          <div class=\"banner-inner fill\">\n        <div class=\"banner-bg fill\" data-parallax=\"-4\" data-parallax-container=\".banner\" data-parallax-background>\n            <img loading=\"lazy\" decoding=\"async\" width=\"2048\" height=\"1360\" src=\"https:\/\/bullarebygdenscamping.se\/wp-content\/uploads\/2025\/03\/473882462_122108155634712425_7902530162868599843_n.jpg\" class=\"bg attachment-original size-original\" alt=\"\" \/>                        <div class=\"overlay\"><\/div>            \n                    <\/div>\n\t\t\n        <div class=\"banner-layers container\">\n            <div class=\"fill banner-link\"><\/div>            \n\n   <div id=\"text-box-407238713\" class=\"text-box banner-layer x50 md-x50 lg-x50 y50 md-y50 lg-y50 res-text\">\n                                <div class=\"text-box-content text dark\">\n              \n              <div class=\"text-inner text-center\">\n                  \n\n<h2 class=\"uppercase\"><strong>BES\u00d6K JILLSDINER.SE<\/strong><\/h2>\n<a href=\"https:\/\/www.jillsdiner.se\/\" target=\"_blank\" class=\"button secondary is-smaller\" rel=\"noopener\" >\n\t\t<span>till hemsidan<\/span>\n\t<i class=\"icon-play\" aria-hidden=\"true\"><\/i><\/a>\n\n\n\n              <\/div>\n           <\/div>\n                            \n<style>\n#text-box-407238713 {\n  width: 90%;\n}\n#text-box-407238713 .text-box-content {\n  font-size: 180%;\n}\n@media (min-width:550px) {\n  #text-box-407238713 {\n    width: 90%;\n  }\n  #text-box-407238713 .text-box-content {\n    font-size: 170%;\n  }\n}\n@media (min-width:850px) {\n  #text-box-407238713 {\n    width: 60%;\n  }\n  #text-box-407238713 .text-box-content {\n    font-size: 200%;\n  }\n}\n<\/style>\n    <\/div>\n \n\n        <\/div>\n      <\/div>\n\n            \n<style>\n#banner-81151988 {\n  padding-top: 500px;\n}\n#banner-81151988 .overlay {\n  background-color: rgba(0,0,0,.5);\n}\n#banner-81151988 .banner-bg img {\n  object-position: 56% 42%;\n}\n<\/style>\n  <\/div>\n\n\n\n\t\t<\/div>\n\t\t\t\t\t<\/div>\n\n\t\n\n<\/div>\n\n\t\t<\/div>\n\n\t\t\n<style>\n#section_1495150554 {\n  padding-top: 0px;\n  padding-bottom: 0px;\n}\n<\/style>\n\t<\/section>","protected":false},"excerpt":{"rendered":"","protected":false},"author":4,"featured_media":0,"parent":0,"menu_order":0,"comment_status":"closed","ping_status":"closed","template":"page-blank.php","meta":{"footnotes":""},"class_list":["post-1480","page","type-page","status-publish","hentry"],"_links":{"self":[{"href":"https:\/\/bullarebygdenscamping.se\/en\/wp-json\/wp\/v2\/pages\/1480","targetHints":{"allow":["GET"]}}],"collection":[{"href":"https:\/\/bullarebygdenscamping.se\/en\/wp-json\/wp\/v2\/pages"}],"about":[{"href":"https:\/\/bullarebygdenscamping.se\/en\/wp-json\/wp\/v2\/types\/page"}],"author":[{"embeddable":true,"href":"https:\/\/bullarebygdenscamping.se\/en\/wp-json\/wp\/v2\/users\/4"}],"replies":[{"embeddable":true,"href":"https:\/\/bullarebygdenscamping.se\/en\/wp-json\/wp\/v2\/comments?post=1480"}],"version-history":[{"count":8,"href":"https:\/\/bullarebygdenscamping.se\/en\/wp-json\/wp\/v2\/pages\/1480\/revisions"}],"predecessor-version":[{"id":3743,"href":"https:\/\/bullarebygdenscamping.se\/en\/wp-json\/wp\/v2\/pages\/1480\/revisions\/3743"}],"wp:attachment":[{"href":"https:\/\/bullarebygdenscamping.se\/en\/wp-json\/wp\/v2\/media?parent=1480"}],"curies":[{"name":"wp","href":"https:\/\/api.w.org\/{rel}","templated":true}]}}