{"id":1446,"date":"2022-03-30T10:59:14","date_gmt":"2022-03-30T08:59:14","guid":{"rendered":"http:\/\/bullarebygdenscamping.se.loopiadns.com\/?page_id=1446"},"modified":"2025-04-30T13:04:07","modified_gmt":"2025-04-30T11:04:07","slug":"campingen","status":"publish","type":"page","link":"https:\/\/bullarebygdenscamping.se\/en\/campingen\/","title":{"rendered":"Campsites"},"content":{"rendered":"<div id=\"page-header-1313333152\" class=\"page-header-wrapper\">\n  <div class=\"page-title dark simple-title has-parallax\">\n\n        <div class=\"page-title-bg\">\n      <div class=\"title-bg fill bg-fill\"\n        data-parallax-container=\".page-title\"\n        data-parallax-background\n data-parallax=\"-3\">\n      <\/div>\n      <div class=\"title-overlay fill\"><\/div>\n    <\/div>\n    \n    <div class=\"page-title-inner container align-bottom text-center flex-row-col medium-flex-wrap\" >\n              <div class=\"title-wrapper is-xxlarge flex-col\">\n          <h1 class=\"entry-title mb-0\">\n            Bullarebygdens Familjecamping          <\/h1>\n        <\/div>\n                    <div class=\"title-content flex-col\">\n        <div class=\"title-breadcrumbs pb-half pt-half\"><\/div>      <\/div>\n    <\/div>\n\n     \n<style>\n#page-header-1313333152 .page-title-inner {\n  min-height: 350px;\n}\n#page-header-1313333152 .title-bg {\n  background-image: url(https:\/\/bullarebygdenscamping.se\/wp-content\/uploads\/2021\/08\/234312623_4331965380216398_2636924802048324262_n.jpg);\n  background-position: 47% 67%;\n}\n<\/style>\n  <\/div>\n    <\/div>\n  \n\n\n\t<section class=\"section has-parallax\" id=\"section_660910247\">\n\t\t<div class=\"section-bg fill\" data-parallax-container=\".section\" data-parallax-background data-parallax=\"-4\">\n\t\t\t<img loading=\"lazy\" decoding=\"async\" width=\"2560\" height=\"960\" src=\"https:\/\/bullarebygdenscamping.se\/wp-content\/uploads\/2025\/04\/AdobeStock_587876707-scaled.png\" class=\"bg attachment- size-\" alt=\"\" \/>\t\t\t\t\t\t<div class=\"section-bg-overlay absolute fill\"><\/div>\n\t\t\t\n\n\t\t<\/div>\n\n\t\t\n\n\t\t<div class=\"section-content relative\">\n\t\t\t\n\n<div class=\"row row-full-width align-middle align-center\"  id=\"row-1066149595\">\n\n\n\t<div id=\"col-1279989916\" class=\"col medium-11 small-12 large-4\"  >\n\t\t\t\t<div class=\"col-inner\"  >\n\t\t\t\n\t\t\t\n\n\t<div id=\"text-1698286998\" class=\"text\">\n\t\t\n\n<h2>The campsite is open all year round!<\/h2>\n\t\t\n<style>\n#text-1698286998 {\n  color: rgb(0,0,0);\n}\n#text-1698286998 > * {\n  color: rgb(0,0,0);\n}\n<\/style>\n\t<\/div>\n\t\n\t<div id=\"text-2364271910\" class=\"text\">\n\t\t\n\n<p>Now during the low season, there is staff, on site, on weekdays and the reception can be opened as needed.<br \/>During the high season we are open between 8: 00-20: 00, every day.<\/p>\n<h3>Check-in information<\/h3>\n<p><strong>Motorhome parking \/ motorhome \/ caravan \/ tent<\/strong><br \/>Check-out, 12:00<br \/>Check-in, 13:00<\/p>\n<p><strong>Cottages<\/strong><br \/>Check-out, 12:00<br \/>Check-in, 15:00\u00a0<\/p>\n<p>Det finns ett lakan-set att hyra om du \u00f6nskar. Pris: <strong>100kr<\/strong><\/p>\n<p>P\u00e5 campingen finns: badstrand, badstrand f\u00f6r hundar, fin skog med bra promenadv\u00e4gar, kiosk, hoppborg, gungor, rutschkana p\u00e5 kl\u00e4tterst\u00e4llning, tv\u00e5 bunkrar i villavagnsomr\u00e5det, bastu, hopptorn, badbrygga, badflotte, kanoter, paddelboards, motorb\u00e5tar, roddb\u00e5t, restaurangen Jills diner.<\/p>\n<p>Gratis <strong>WI-FI<\/strong> p\u00e5 campingen: \u00a0&#8221;BC guest&#8221; med l\u00f6senordet &#8221;bullaren&#8221;.\u00a0<\/p>\n\t\t\n<style>\n#text-2364271910 {\n  color: rgb(0,0,0);\n}\n#text-2364271910 > * {\n  color: rgb(0,0,0);\n}\n<\/style>\n\t<\/div>\n\t\n\n\t\t<\/div>\n\t\t\t\t\n<style>\n#col-1279989916 > .col-inner {\n  padding: 25px 25px 25px 25px;\n}\n<\/style>\n\t<\/div>\n\n\t\n\n\t<div id=\"col-394894150\" class=\"col medium-11 small-12 large-5\"  >\n\t\t\t\t<div class=\"col-inner\"  >\n\t\t\t\n\t\t\t\n\n  <div class=\"banner-grid-wrapper\">\n  <div id=\"banner-grid-946064481\" class=\"banner-grid row row-grid row-small row-box-shadow-2 row-box-shadow-4-hover row-full-width\" data-packery-options=\"\">\n                      \n\n<div class=\"col grid-col small-12 large-6 grid-col-1\" data-animate=\"fadeInLeft\"><div class=\"col-inner\">\n\n\t<div class=\"img has-hover x md-x lg-x y md-y lg-y\" id=\"image_1758106648\">\n\t\t<a class=\"image-lightbox lightbox-gallery\" title=\"\" href=\"https:\/\/bullarebygdenscamping.se\/wp-content\/uploads\/2023\/12\/333-1-1440x1920.jpg\">\t\t\t\t\t\t<div class=\"img-inner image-zoom-fade box-shadow-4-hover dark\" >\n\t\t\t<img loading=\"lazy\" decoding=\"async\" width=\"1536\" height=\"2048\" src=\"https:\/\/bullarebygdenscamping.se\/wp-content\/uploads\/2023\/12\/333-1.jpg\" class=\"attachment-original size-original\" alt=\"\" srcset=\"https:\/\/bullarebygdenscamping.se\/wp-content\/uploads\/2023\/12\/333-1.jpg 1536w, https:\/\/bullarebygdenscamping.se\/wp-content\/uploads\/2023\/12\/333-1-360x480.jpg 360w, https:\/\/bullarebygdenscamping.se\/wp-content\/uploads\/2023\/12\/333-1-1440x1920.jpg 1440w, https:\/\/bullarebygdenscamping.se\/wp-content\/uploads\/2023\/12\/333-1-768x1024.jpg 768w, https:\/\/bullarebygdenscamping.se\/wp-content\/uploads\/2023\/12\/333-1-1152x1536.jpg 1152w, https:\/\/bullarebygdenscamping.se\/wp-content\/uploads\/2023\/12\/333-1-9x12.jpg 9w\" sizes=\"auto, (max-width: 1536px) 100vw, 1536px\" \/>\t\t\t\t\t\t\n\t\t\t\t\t<\/div>\n\t\t\t\t\t\t<\/a>\t\t\n<style>\n#image_1758106648 {\n  width: 100%;\n}\n<\/style>\n\t<\/div>\n\t\n\n\n<\/div><\/div>\n<div class=\"col grid-col small-12 large-3 grid-col-1\" data-animate=\"fadeInDown\"><div class=\"col-inner\">\n\n\t<div class=\"img has-hover x md-x lg-x y md-y lg-y\" id=\"image_726991644\">\n\t\t\t\t\t\t\t\t<div class=\"img-inner image-zoom-fade dark\" >\n\t\t\t<img loading=\"lazy\" decoding=\"async\" width=\"2048\" height=\"1536\" src=\"https:\/\/bullarebygdenscamping.se\/wp-content\/uploads\/2022\/08\/290187421_5341405789272347_2175695519619028292_n.jpg\" class=\"attachment-original size-original\" alt=\"\" srcset=\"https:\/\/bullarebygdenscamping.se\/wp-content\/uploads\/2022\/08\/290187421_5341405789272347_2175695519619028292_n.jpg 2048w, https:\/\/bullarebygdenscamping.se\/wp-content\/uploads\/2022\/08\/290187421_5341405789272347_2175695519619028292_n-480x360.jpg 480w, https:\/\/bullarebygdenscamping.se\/wp-content\/uploads\/2022\/08\/290187421_5341405789272347_2175695519619028292_n-1920x1440.jpg 1920w, https:\/\/bullarebygdenscamping.se\/wp-content\/uploads\/2022\/08\/290187421_5341405789272347_2175695519619028292_n-768x576.jpg 768w, https:\/\/bullarebygdenscamping.se\/wp-content\/uploads\/2022\/08\/290187421_5341405789272347_2175695519619028292_n-1536x1152.jpg 1536w, https:\/\/bullarebygdenscamping.se\/wp-content\/uploads\/2022\/08\/290187421_5341405789272347_2175695519619028292_n-16x12.jpg 16w\" sizes=\"auto, (max-width: 2048px) 100vw, 2048px\" \/>\t\t\t\t\t\t\n\t\t\t\t\t<\/div>\n\t\t\t\t\t\t\t\t\n<style>\n#image_726991644 {\n  width: 100%;\n}\n<\/style>\n\t<\/div>\n\t\n\n\n<\/div><\/div>\n<div class=\"col grid-col small-12 large-3 grid-col-1-2\" data-animate=\"fadeInRight\"><div class=\"col-inner\">\n\n\t<div class=\"img has-hover x md-x lg-x y md-y lg-y\" id=\"image_2104602641\">\n\t\t\t\t\t\t\t\t<div class=\"img-inner image-zoom-fade dark\" >\n\t\t\t<img loading=\"lazy\" decoding=\"async\" width=\"2048\" height=\"1536\" src=\"https:\/\/bullarebygdenscamping.se\/wp-content\/uploads\/2023\/01\/301173366_5509491502463774_7275484091583282322_n.jpg\" class=\"attachment-original size-original\" alt=\"\" srcset=\"https:\/\/bullarebygdenscamping.se\/wp-content\/uploads\/2023\/01\/301173366_5509491502463774_7275484091583282322_n.jpg 2048w, https:\/\/bullarebygdenscamping.se\/wp-content\/uploads\/2023\/01\/301173366_5509491502463774_7275484091583282322_n-480x360.jpg 480w, https:\/\/bullarebygdenscamping.se\/wp-content\/uploads\/2023\/01\/301173366_5509491502463774_7275484091583282322_n-1920x1440.jpg 1920w, https:\/\/bullarebygdenscamping.se\/wp-content\/uploads\/2023\/01\/301173366_5509491502463774_7275484091583282322_n-768x576.jpg 768w, https:\/\/bullarebygdenscamping.se\/wp-content\/uploads\/2023\/01\/301173366_5509491502463774_7275484091583282322_n-1536x1152.jpg 1536w, https:\/\/bullarebygdenscamping.se\/wp-content\/uploads\/2023\/01\/301173366_5509491502463774_7275484091583282322_n-16x12.jpg 16w\" sizes=\"auto, (max-width: 2048px) 100vw, 2048px\" \/>\t\t\t\t\t\t\n\t\t\t\t\t<\/div>\n\t\t\t\t\t\t\t\t\n<style>\n#image_2104602641 {\n  width: 100%;\n}\n<\/style>\n\t<\/div>\n\t\n\n\n<\/div><\/div>\n<div class=\"col grid-col small-12 large-3 grid-col-1-2\" data-animate=\"fadeInRight\"><div class=\"col-inner\">\n\n\t<div class=\"img has-hover x md-x lg-x y md-y lg-y\" id=\"image_1899761464\">\n\t\t\t\t\t\t\t\t<div class=\"img-inner image-zoom-fade dark\" >\n\t\t\t<img loading=\"lazy\" decoding=\"async\" width=\"1020\" height=\"1275\" src=\"https:\/\/bullarebygdenscamping.se\/wp-content\/uploads\/2022\/06\/290188076_5341420092604250_8783459526920562239_n-1536x1920.jpg\" class=\"attachment-large size-large\" alt=\"\" srcset=\"https:\/\/bullarebygdenscamping.se\/wp-content\/uploads\/2022\/06\/290188076_5341420092604250_8783459526920562239_n-1536x1920.jpg 1536w, https:\/\/bullarebygdenscamping.se\/wp-content\/uploads\/2022\/06\/290188076_5341420092604250_8783459526920562239_n-384x480.jpg 384w, https:\/\/bullarebygdenscamping.se\/wp-content\/uploads\/2022\/06\/290188076_5341420092604250_8783459526920562239_n-768x960.jpg 768w, https:\/\/bullarebygdenscamping.se\/wp-content\/uploads\/2022\/06\/290188076_5341420092604250_8783459526920562239_n-1229x1536.jpg 1229w, https:\/\/bullarebygdenscamping.se\/wp-content\/uploads\/2022\/06\/290188076_5341420092604250_8783459526920562239_n-10x12.jpg 10w, https:\/\/bullarebygdenscamping.se\/wp-content\/uploads\/2022\/06\/290188076_5341420092604250_8783459526920562239_n.jpg 1638w\" sizes=\"auto, (max-width: 1020px) 100vw, 1020px\" \/>\t\t\t\t\t\t\n\t\t\t\t\t<\/div>\n\t\t\t\t\t\t\t\t\n<style>\n#image_1899761464 {\n  width: 100%;\n}\n<\/style>\n\t<\/div>\n\t\n\n\n<\/div><\/div>\n\n            <\/div>\n    <style>\n    #banner-grid-946064481 .grid-col-1{height: 600px}\n    #banner-grid-946064481 .grid-col-1-2{height: 300px}\n    #banner-grid-946064481 .grid-col-1-3{height:200px}\n    #banner-grid-946064481 .grid-col-2-3{height: 400px}\n    #banner-grid-946064481 .grid-col-1-4{height: 150px}\n    #banner-grid-946064481 .grid-col-3-4{height: 450px}\n\n\n    \n    \n\n  <\/style>\n    <\/div>\n  \n\n\t\t<\/div>\n\t\t\t\t\n<style>\n#col-394894150 > .col-inner {\n  padding: 25px 0px 25px 25px;\n}\n@media (min-width:550px) {\n  #col-394894150 > .col-inner {\n    padding: 25px 0px 25px 25px;\n  }\n}\n<\/style>\n\t<\/div>\n\n\t\n\n<\/div>\n\n\t\t<\/div>\n\n\t\t\n<style>\n#section_660910247 {\n  padding-top: 30px;\n  padding-bottom: 30px;\n}\n#section_660910247 .section-bg-overlay {\n  background-color: rgba(255, 255, 255, 0.942);\n}\n<\/style>\n\t<\/section>\n\t\n\n\t<section class=\"section\" id=\"section_292116126\">\n\t\t<div class=\"section-bg fill\" >\n\t\t\t\t\t\t\t\t\t\n\t\t\t\n\n\t\t<\/div>\n\n\t\t\n\n\t\t<div class=\"section-content relative\">\n\t\t\t\n\n<div class=\"row row-collapse row-full-width align-equal align-center\"  id=\"row-1577255899\">\n\n\n\t<div id=\"col-783296636\" class=\"col small-12 large-12\"  >\n\t\t\t\t<div class=\"col-inner\"  >\n\t\t\t\n\t\t\t\n\n\n  <div class=\"banner has-hover has-parallax\" id=\"banner-1484813277\">\n          <div class=\"banner-inner fill\">\n        <div class=\"banner-bg fill\" data-parallax=\"-4\" data-parallax-container=\".banner\" data-parallax-background>\n            <img loading=\"lazy\" decoding=\"async\" width=\"1536\" height=\"2048\" src=\"https:\/\/bullarebygdenscamping.se\/wp-content\/uploads\/2023\/12\/333-1.jpg\" class=\"bg attachment-original size-original\" alt=\"\" \/>                        <div class=\"overlay\"><\/div>            \n                    <\/div>\n\t\t\n        <div class=\"banner-layers container\">\n            <div class=\"fill banner-link\"><\/div>            \n\n   <div id=\"text-box-1421497613\" class=\"text-box banner-layer x50 md-x50 lg-x50 y50 md-y15 lg-y15 res-text\">\n                                <div class=\"text-box-content text dark\">\n              \n              <div class=\"text-inner text-center\">\n                  \n\n<h2 class=\"uppercase\"><strong>BOKA ENKELT OCH SMIDIGT I V\u00c5R ONLINE PORTAL!<\/strong><\/h2>\n<a href=\"https:\/\/bokning4.paxess.se\/bullarebygden2?poolType=-1&#038;arrival=&#038;departure=&#038;adults=2&#038;children=0&#038;poolSelection=\" target=\"_blank\" class=\"button secondary is-smaller\" rel=\"noopener\" >\n\t\t<span>Till onlinebokning<\/span>\n\t<i class=\"icon-play\" aria-hidden=\"true\"><\/i><\/a>\n\n\n\n              <\/div>\n           <\/div>\n                            \n<style>\n#text-box-1421497613 {\n  width: 90%;\n}\n#text-box-1421497613 .text-box-content {\n  font-size: 180%;\n}\n@media (min-width:550px) {\n  #text-box-1421497613 {\n    width: 90%;\n  }\n  #text-box-1421497613 .text-box-content {\n    font-size: 170%;\n  }\n}\n@media (min-width:850px) {\n  #text-box-1421497613 {\n    width: 60%;\n  }\n  #text-box-1421497613 .text-box-content {\n    font-size: 200%;\n  }\n}\n<\/style>\n    <\/div>\n \n\n        <\/div>\n      <\/div>\n\n            \n<style>\n#banner-1484813277 {\n  padding-top: 500px;\n}\n#banner-1484813277 .overlay {\n  background-color: rgba(0,0,0,.5);\n}\n#banner-1484813277 .banner-bg img {\n  object-position: 54% 71%;\n}\n<\/style>\n  <\/div>\n\n\n\n\t\t<\/div>\n\t\t\t\t\t<\/div>\n\n\t\n\n<\/div>\n\n\t\t<\/div>\n\n\t\t\n<style>\n#section_292116126 {\n  padding-top: 0px;\n  padding-bottom: 0px;\n}\n<\/style>\n\t<\/section>","protected":false},"excerpt":{"rendered":"","protected":false},"author":4,"featured_media":0,"parent":0,"menu_order":0,"comment_status":"closed","ping_status":"closed","template":"page-blank.php","meta":{"footnotes":""},"class_list":["post-1446","page","type-page","status-publish","hentry"],"_links":{"self":[{"href":"https:\/\/bullarebygdenscamping.se\/en\/wp-json\/wp\/v2\/pages\/1446","targetHints":{"allow":["GET"]}}],"collection":[{"href":"https:\/\/bullarebygdenscamping.se\/en\/wp-json\/wp\/v2\/pages"}],"about":[{"href":"https:\/\/bullarebygdenscamping.se\/en\/wp-json\/wp\/v2\/types\/page"}],"author":[{"embeddable":true,"href":"https:\/\/bullarebygdenscamping.se\/en\/wp-json\/wp\/v2\/users\/4"}],"replies":[{"embeddable":true,"href":"https:\/\/bullarebygdenscamping.se\/en\/wp-json\/wp\/v2\/comments?post=1446"}],"version-history":[{"count":5,"href":"https:\/\/bullarebygdenscamping.se\/en\/wp-json\/wp\/v2\/pages\/1446\/revisions"}],"predecessor-version":[{"id":3690,"href":"https:\/\/bullarebygdenscamping.se\/en\/wp-json\/wp\/v2\/pages\/1446\/revisions\/3690"}],"wp:attachment":[{"href":"https:\/\/bullarebygdenscamping.se\/en\/wp-json\/wp\/v2\/media?parent=1446"}],"curies":[{"name":"wp","href":"https:\/\/api.w.org\/{rel}","templated":true}]}}