{"id":1383,"date":"2022-03-25T14:13:46","date_gmt":"2022-03-25T13:13:46","guid":{"rendered":"http:\/\/bullarebygdenscamping.se.loopiadns.com\/?page_id=1383"},"modified":"2025-04-30T15:03:33","modified_gmt":"2025-04-30T13:03:33","slug":"galleri","status":"publish","type":"page","link":"https:\/\/bullarebygdenscamping.se\/en\/galleri\/","title":{"rendered":"Gallery"},"content":{"rendered":"<div id=\"page-header-586754101\" class=\"page-header-wrapper\">\n  <div class=\"page-title dark simple-title has-parallax\">\n\n        <div class=\"page-title-bg\">\n      <div class=\"title-bg fill bg-fill\"\n        data-parallax-container=\".page-title\"\n        data-parallax-background\n data-parallax=\"-3\">\n      <\/div>\n      <div class=\"title-overlay fill\"><\/div>\n    <\/div>\n    \n    <div class=\"page-title-inner container align-bottom text-center flex-row-col medium-flex-wrap\" >\n              <div class=\"title-wrapper is-xxlarge flex-col\">\n          <h1 class=\"entry-title mb-0\">\n            Gallery          <\/h1>\n        <\/div>\n                    <div class=\"title-content flex-col\">\n        <div class=\"title-breadcrumbs pb-half pt-half\"><\/div>      <\/div>\n    <\/div>\n\n     \n<style>\n#page-header-586754101 .page-title-inner {\n  min-height: 350px;\n}\n#page-header-586754101 .title-bg {\n  background-image: url(https:\/\/bullarebygdenscamping.se\/wp-content\/uploads\/2024\/08\/maps-3-1.jpg);\n  background-position: 53% 52%;\n}\n<\/style>\n  <\/div>\n    <\/div>\n  \n\n\n\t<section class=\"section has-parallax\" id=\"section_107945136\">\n\t\t<div class=\"section-bg fill\" data-parallax-container=\".section\" data-parallax-background data-parallax=\"-4\">\n\t\t\t<img loading=\"lazy\" decoding=\"async\" width=\"2560\" height=\"960\" src=\"https:\/\/bullarebygdenscamping.se\/wp-content\/uploads\/2025\/04\/AdobeStock_587876707-scaled.png\" class=\"bg attachment- size-\" alt=\"\" \/>\t\t\t\t\t\t<div class=\"section-bg-overlay absolute fill\"><\/div>\n\t\t\t\n\n\t\t<\/div>\n\n\t\t\n\n\t\t<div class=\"section-content relative\">\n\t\t\t\n\n<div class=\"row row-full-width align-middle align-center\"  id=\"row-1175542387\">\n\n\n\t<div id=\"col-1734850961\" class=\"col medium-11 small-12 large-4\"  >\n\t\t\t\t<div class=\"col-inner\"  >\n\t\t\t\n\t\t\t\n\n\t<div id=\"text-1772975823\" class=\"text\">\n\t\t\n\n<h2>Bilder som s\u00e4ger mer \u00e4n 1000 ord<\/h2>\n\t\t\n<style>\n#text-1772975823 {\n  color: rgb(0,0,0);\n}\n#text-1772975823 > * {\n  color: rgb(0,0,0);\n}\n<\/style>\n\t<\/div>\n\t\n\t<div id=\"text-4068487161\" class=\"text\">\n\t\t\n\n<p>Welcome to Bullarebygdens Familjecamping, an idyllic campsite in the heart of nature. Here we offer a unique experience for families and adventurers. Discover our wide range of beautiful images that capture the charm and beauty of the campsite. Browse our photo albums to get a taste of what awaits you \u2013 from cozy campsites to scenic hikes and fun activities.<\/p>\n<p>To keep up to date with our latest events, offers and camping news, follow us on Instagram and Facebook at @BullarebygdensFamiljecamping. Our social media platform is filled with inspiring content, customer reviews and much more.<\/p>\n<p>Remember to click on the arrows to scroll through the images. Each picture tells a unique story about camping life with us. We look forward to welcoming you to Bullarebygden&#039;s Family Camping - where memories are made and adventures begin.<\/p>\n\t\t\n<style>\n#text-4068487161 {\n  color: rgb(0,0,0);\n}\n#text-4068487161 > * {\n  color: rgb(0,0,0);\n}\n<\/style>\n\t<\/div>\n\t\n\n\t\t<\/div>\n\t\t\t\t\n<style>\n#col-1734850961 > .col-inner {\n  padding: 25px 25px 25px 25px;\n}\n<\/style>\n\t<\/div>\n\n\t\n\n\t<div id=\"col-1056950589\" class=\"col medium-11 small-12 large-5\"  >\n\t\t\t\t<div class=\"col-inner\"  >\n\t\t\t\n\t\t\t\n\n<div class=\"slider-wrapper relative\" id=\"slider-1993677381\" >\n    <div class=\"slider slider-nav-circle slider-nav-large slider-nav-light slider-style-normal\"\n        data-flickity-options='{            \"cellAlign\": \"center\",            \"imagesLoaded\": true,            \"lazyLoad\": 1,            \"freeScroll\": false,            \"wrapAround\": true,            \"autoPlay\": 6000,            \"pauseAutoPlayOnHover\" : true,            \"prevNextButtons\": true,            \"contain\" : true,            \"adaptiveHeight\" : true,            \"dragThreshold\" : 10,            \"percentPosition\": true,            \"pageDots\": true,            \"rightToLeft\": false,            \"draggable\": true,            \"selectedAttraction\": 0.1,            \"parallax\" : 0,            \"friction\": 0.6        }'\n        >\n        \n\n\t<div class=\"img has-hover x md-x lg-x y md-y lg-y\" id=\"image_1678691519\">\n\t\t\t\t\t\t\t\t<div class=\"img-inner image-cover dark\" style=\"padding-top:50%;\">\n\t\t\t<img loading=\"lazy\" decoding=\"async\" width=\"1170\" height=\"1521\" src=\"https:\/\/bullarebygdenscamping.se\/wp-content\/uploads\/2023\/07\/346622888_158345326996104_6670993889198578431_n.jpg\" class=\"attachment-original size-original\" alt=\"\" srcset=\"https:\/\/bullarebygdenscamping.se\/wp-content\/uploads\/2023\/07\/346622888_158345326996104_6670993889198578431_n.jpg 1170w, https:\/\/bullarebygdenscamping.se\/wp-content\/uploads\/2023\/07\/346622888_158345326996104_6670993889198578431_n-369x480.jpg 369w, https:\/\/bullarebygdenscamping.se\/wp-content\/uploads\/2023\/07\/346622888_158345326996104_6670993889198578431_n-768x998.jpg 768w, https:\/\/bullarebygdenscamping.se\/wp-content\/uploads\/2023\/07\/346622888_158345326996104_6670993889198578431_n-9x12.jpg 9w\" sizes=\"auto, (max-width: 1170px) 100vw, 1170px\" \/>\t\t\t\t\t\t\n\t\t\t\t\t<\/div>\n\t\t\t\t\t\t\t\t\n<style>\n#image_1678691519 {\n  width: 100%;\n}\n<\/style>\n\t<\/div>\n\t\n\n\t<div class=\"img has-hover x md-x lg-x y md-y lg-y\" id=\"image_281756330\">\n\t\t\t\t\t\t\t\t<div class=\"img-inner image-cover dark\" style=\"padding-top:50%;\">\n\t\t\t<img loading=\"lazy\" decoding=\"async\" width=\"2560\" height=\"1920\" src=\"https:\/\/bullarebygdenscamping.se\/wp-content\/uploads\/2024\/08\/maps-5-1-scaled.jpg\" class=\"attachment-original size-original\" alt=\"\" srcset=\"https:\/\/bullarebygdenscamping.se\/wp-content\/uploads\/2024\/08\/maps-5-1-scaled.jpg 2560w, https:\/\/bullarebygdenscamping.se\/wp-content\/uploads\/2024\/08\/maps-5-1-480x360.jpg 480w, https:\/\/bullarebygdenscamping.se\/wp-content\/uploads\/2024\/08\/maps-5-1-1920x1440.jpg 1920w, https:\/\/bullarebygdenscamping.se\/wp-content\/uploads\/2024\/08\/maps-5-1-768x576.jpg 768w, https:\/\/bullarebygdenscamping.se\/wp-content\/uploads\/2024\/08\/maps-5-1-1536x1152.jpg 1536w, https:\/\/bullarebygdenscamping.se\/wp-content\/uploads\/2024\/08\/maps-5-1-2048x1536.jpg 2048w, https:\/\/bullarebygdenscamping.se\/wp-content\/uploads\/2024\/08\/maps-5-1-16x12.jpg 16w\" sizes=\"auto, (max-width: 2560px) 100vw, 2560px\" \/>\t\t\t\t\t\t\n\t\t\t\t\t<\/div>\n\t\t\t\t\t\t\t\t\n<style>\n#image_281756330 {\n  width: 100%;\n}\n<\/style>\n\t<\/div>\n\t\n\n\t<div class=\"img has-hover x md-x lg-x y md-y lg-y\" id=\"image_1472066862\">\n\t\t\t\t\t\t\t\t<div class=\"img-inner image-cover dark\" style=\"padding-top:50%;\">\n\t\t\t<img loading=\"lazy\" decoding=\"async\" width=\"315\" height=\"315\" src=\"https:\/\/bullarebygdenscamping.se\/wp-content\/uploads\/2023\/07\/293354642_340546714901176_1964111363892199961_n.jpg\" class=\"attachment-original size-original\" alt=\"\" srcset=\"https:\/\/bullarebygdenscamping.se\/wp-content\/uploads\/2023\/07\/293354642_340546714901176_1964111363892199961_n.jpg 315w, https:\/\/bullarebygdenscamping.se\/wp-content\/uploads\/2023\/07\/293354642_340546714901176_1964111363892199961_n-150x150.jpg 150w, https:\/\/bullarebygdenscamping.se\/wp-content\/uploads\/2023\/07\/293354642_340546714901176_1964111363892199961_n-12x12.jpg 12w\" sizes=\"auto, (max-width: 315px) 100vw, 315px\" \/>\t\t\t\t\t\t\n\t\t\t\t\t<\/div>\n\t\t\t\t\t\t\t\t\n<style>\n#image_1472066862 {\n  width: 100%;\n}\n<\/style>\n\t<\/div>\n\t\n\n\t<div class=\"img has-hover x md-x lg-x y md-y lg-y\" id=\"image_2012271198\">\n\t\t\t\t\t\t\t\t<div class=\"img-inner image-cover dark\" style=\"padding-top:50%;\">\n\t\t\t<img loading=\"lazy\" decoding=\"async\" width=\"315\" height=\"315\" src=\"https:\/\/bullarebygdenscamping.se\/wp-content\/uploads\/2023\/07\/292222905_335995658689615_986580215109941047_n.jpg\" class=\"attachment-original size-original\" alt=\"\" srcset=\"https:\/\/bullarebygdenscamping.se\/wp-content\/uploads\/2023\/07\/292222905_335995658689615_986580215109941047_n.jpg 315w, https:\/\/bullarebygdenscamping.se\/wp-content\/uploads\/2023\/07\/292222905_335995658689615_986580215109941047_n-150x150.jpg 150w, https:\/\/bullarebygdenscamping.se\/wp-content\/uploads\/2023\/07\/292222905_335995658689615_986580215109941047_n-12x12.jpg 12w\" sizes=\"auto, (max-width: 315px) 100vw, 315px\" \/>\t\t\t\t\t\t\n\t\t\t\t\t<\/div>\n\t\t\t\t\t\t\t\t\n<style>\n#image_2012271198 {\n  width: 100%;\n}\n<\/style>\n\t<\/div>\n\t\n\n\t<div class=\"img has-hover x md-x lg-x y md-y lg-y\" id=\"image_1087276433\">\n\t\t\t\t\t\t\t\t<div class=\"img-inner image-cover dark\" style=\"padding-top:50%;\">\n\t\t\t<img loading=\"lazy\" decoding=\"async\" width=\"1170\" height=\"1281\" src=\"https:\/\/bullarebygdenscamping.se\/wp-content\/uploads\/2023\/07\/356597452_554064856925191_5896899688015891212_n-2.jpg\" class=\"attachment-original size-original\" alt=\"\" srcset=\"https:\/\/bullarebygdenscamping.se\/wp-content\/uploads\/2023\/07\/356597452_554064856925191_5896899688015891212_n-2.jpg 1170w, https:\/\/bullarebygdenscamping.se\/wp-content\/uploads\/2023\/07\/356597452_554064856925191_5896899688015891212_n-2-438x480.jpg 438w, https:\/\/bullarebygdenscamping.se\/wp-content\/uploads\/2023\/07\/356597452_554064856925191_5896899688015891212_n-2-768x841.jpg 768w, https:\/\/bullarebygdenscamping.se\/wp-content\/uploads\/2023\/07\/356597452_554064856925191_5896899688015891212_n-2-11x12.jpg 11w\" sizes=\"auto, (max-width: 1170px) 100vw, 1170px\" \/>\t\t\t\t\t\t\n\t\t\t\t\t<\/div>\n\t\t\t\t\t\t\t\t\n<style>\n#image_1087276433 {\n  width: 100%;\n}\n<\/style>\n\t<\/div>\n\t\n\n\t<div class=\"img has-hover x md-x lg-x y md-y lg-y\" id=\"image_941174006\">\n\t\t\t\t\t\t\t\t<div class=\"img-inner image-cover dark\" style=\"padding-top:50%;\">\n\t\t\t<img loading=\"lazy\" decoding=\"async\" width=\"1536\" height=\"2048\" src=\"https:\/\/bullarebygdenscamping.se\/wp-content\/uploads\/2023\/01\/301145472_5509482175798040_325615721477178956_n.jpg\" class=\"attachment-original size-original\" alt=\"\" srcset=\"https:\/\/bullarebygdenscamping.se\/wp-content\/uploads\/2023\/01\/301145472_5509482175798040_325615721477178956_n.jpg 1536w, https:\/\/bullarebygdenscamping.se\/wp-content\/uploads\/2023\/01\/301145472_5509482175798040_325615721477178956_n-360x480.jpg 360w, https:\/\/bullarebygdenscamping.se\/wp-content\/uploads\/2023\/01\/301145472_5509482175798040_325615721477178956_n-1440x1920.jpg 1440w, https:\/\/bullarebygdenscamping.se\/wp-content\/uploads\/2023\/01\/301145472_5509482175798040_325615721477178956_n-768x1024.jpg 768w, https:\/\/bullarebygdenscamping.se\/wp-content\/uploads\/2023\/01\/301145472_5509482175798040_325615721477178956_n-1152x1536.jpg 1152w, https:\/\/bullarebygdenscamping.se\/wp-content\/uploads\/2023\/01\/301145472_5509482175798040_325615721477178956_n-9x12.jpg 9w\" sizes=\"auto, (max-width: 1536px) 100vw, 1536px\" \/>\t\t\t\t\t\t\n\t\t\t\t\t<\/div>\n\t\t\t\t\t\t\t\t\n<style>\n#image_941174006 {\n  width: 100%;\n}\n<\/style>\n\t<\/div>\n\t\n\n\t<div class=\"img has-hover x md-x lg-x y md-y lg-y\" id=\"image_1489142086\">\n\t\t\t\t\t\t\t\t<div class=\"img-inner image-cover dark\" style=\"padding-top:50%;\">\n\t\t\t<img loading=\"lazy\" decoding=\"async\" width=\"2040\" height=\"942\" src=\"https:\/\/bullarebygdenscamping.se\/wp-content\/uploads\/2024\/06\/448105804_7817613164984918_3449004319201242013_n.jpg\" class=\"attachment-original size-original\" alt=\"\" srcset=\"https:\/\/bullarebygdenscamping.se\/wp-content\/uploads\/2024\/06\/448105804_7817613164984918_3449004319201242013_n.jpg 2040w, https:\/\/bullarebygdenscamping.se\/wp-content\/uploads\/2024\/06\/448105804_7817613164984918_3449004319201242013_n-480x222.jpg 480w, https:\/\/bullarebygdenscamping.se\/wp-content\/uploads\/2024\/06\/448105804_7817613164984918_3449004319201242013_n-1920x887.jpg 1920w, https:\/\/bullarebygdenscamping.se\/wp-content\/uploads\/2024\/06\/448105804_7817613164984918_3449004319201242013_n-768x355.jpg 768w, https:\/\/bullarebygdenscamping.se\/wp-content\/uploads\/2024\/06\/448105804_7817613164984918_3449004319201242013_n-1536x709.jpg 1536w, https:\/\/bullarebygdenscamping.se\/wp-content\/uploads\/2024\/06\/448105804_7817613164984918_3449004319201242013_n-18x8.jpg 18w\" sizes=\"auto, (max-width: 2040px) 100vw, 2040px\" \/>\t\t\t\t\t\t\n\t\t\t\t\t<\/div>\n\t\t\t\t\t\t\t\t\n<style>\n#image_1489142086 {\n  width: 100%;\n}\n<\/style>\n\t<\/div>\n\t\n\n\t<div class=\"img has-hover x md-x lg-x y md-y lg-y\" id=\"image_1212485018\">\n\t\t\t\t\t\t\t\t<div class=\"img-inner image-cover dark\" style=\"padding-top:50%;\">\n\t\t\t<img loading=\"lazy\" decoding=\"async\" width=\"1536\" height=\"2048\" src=\"https:\/\/bullarebygdenscamping.se\/wp-content\/uploads\/2024\/06\/447901830_7817632811649620_7561459012768509649_n.jpg\" class=\"attachment-original size-original\" alt=\"\" srcset=\"https:\/\/bullarebygdenscamping.se\/wp-content\/uploads\/2024\/06\/447901830_7817632811649620_7561459012768509649_n.jpg 1536w, https:\/\/bullarebygdenscamping.se\/wp-content\/uploads\/2024\/06\/447901830_7817632811649620_7561459012768509649_n-360x480.jpg 360w, https:\/\/bullarebygdenscamping.se\/wp-content\/uploads\/2024\/06\/447901830_7817632811649620_7561459012768509649_n-1440x1920.jpg 1440w, https:\/\/bullarebygdenscamping.se\/wp-content\/uploads\/2024\/06\/447901830_7817632811649620_7561459012768509649_n-768x1024.jpg 768w, https:\/\/bullarebygdenscamping.se\/wp-content\/uploads\/2024\/06\/447901830_7817632811649620_7561459012768509649_n-1152x1536.jpg 1152w, https:\/\/bullarebygdenscamping.se\/wp-content\/uploads\/2024\/06\/447901830_7817632811649620_7561459012768509649_n-9x12.jpg 9w\" sizes=\"auto, (max-width: 1536px) 100vw, 1536px\" \/>\t\t\t\t\t\t\n\t\t\t\t\t<\/div>\n\t\t\t\t\t\t\t\t\n<style>\n#image_1212485018 {\n  width: 100%;\n}\n<\/style>\n\t<\/div>\n\t\n\n\n     <\/div>\n\n     <div class=\"loading-spin dark large centered\"><\/div>\n\n\t<\/div>\n\n\n\n\t\t<\/div>\n\t\t\t\t\n<style>\n#col-1056950589 > .col-inner {\n  padding: 25px 0px 25px 25px;\n}\n@media (min-width:550px) {\n  #col-1056950589 > .col-inner {\n    padding: 25px 0px 25px 25px;\n  }\n}\n<\/style>\n\t<\/div>\n\n\t\n\n<\/div>\n\n\t\t<\/div>\n\n\t\t\n<style>\n#section_107945136 {\n  padding-top: 30px;\n  padding-bottom: 30px;\n}\n#section_107945136 .section-bg-overlay {\n  background-color: rgba(255, 255, 255, 0.942);\n}\n<\/style>\n\t<\/section>\n\t\n\n\t<section class=\"section\" id=\"section_1104063827\">\n\t\t<div class=\"section-bg fill\" >\n\t\t\t\t\t\t\t\t\t\n\t\t\t\n\n\t\t<\/div>\n\n\t\t\n\n\t\t<div class=\"section-content relative\">\n\t\t\t\n\n<div class=\"row row-collapse row-full-width align-equal align-center\"  id=\"row-1917895853\">\n\n\n\t<div id=\"col-1422656901\" class=\"col medium-11 small-12 large-9\"  >\n\t\t\t\t<div class=\"col-inner box-shadow-2\"  >\n\t\t\t\n\t\t\t\n\n\t<div id=\"text-1908501129\" class=\"text\">\n\t\t\n\n<h2>Dr\u00f6narbilder \u00f6ver campingen!<\/h2>\n\t\t\n<style>\n#text-1908501129 {\n  color: rgb(0,0,0);\n}\n#text-1908501129 > * {\n  color: rgb(0,0,0);\n}\n<\/style>\n\t<\/div>\n\t\n<div class=\"row row-small align-equal align-center\" style=\"max-width:110%\" id=\"row-1303365757\">\n\n\n\t<div id=\"col-716572116\" class=\"col medium-6 small-12 large-6\"  >\n\t\t\t\t<div class=\"col-inner\"  >\n\t\t\t\n\t\t\t\n\n<div class=\"video video-fit mb\" style=\"padding-top:56.25%;\"><iframe loading=\"lazy\" title=\"Bullarebygdens Familjecamping\" width=\"1020\" height=\"574\" src=\"https:\/\/www.youtube.com\/embed\/W0RfGncHiS0?feature=oembed\" frameborder=\"0\" allow=\"accelerometer; autoplay; clipboard-write; encrypted-media; gyroscope; picture-in-picture; web-share\" referrerpolicy=\"strict-origin-when-cross-origin\" allowfullscreen><\/iframe><\/div>\n\n\n\t\t<\/div>\n\t\t\t\t\t<\/div>\n\n\t\n\n\t<div id=\"col-306479136\" class=\"col medium-6 small-12 large-6\"  >\n\t\t\t\t<div class=\"col-inner\"  >\n\t\t\t\n\t\t\t\n\n<div class=\"video video-fit mb\" style=\"padding-top:56.25%;\"><p><iframe loading=\"lazy\" title=\"Bullarebygdens Familjecamping\" width=\"1020\" height=\"574\" src=\"https:\/\/www.youtube.com\/embed\/uW8Y5LSHveI?feature=oembed\" frameborder=\"0\" allow=\"accelerometer; autoplay; clipboard-write; encrypted-media; gyroscope; picture-in-picture; web-share\" referrerpolicy=\"strict-origin-when-cross-origin\" allowfullscreen><\/iframe><\/p>\n<\/div>\n\n\n\t\t<\/div>\n\t\t\t\t\t<\/div>\n\n\t\n\n<\/div>\n\n\t\t<\/div>\n\t\t\t\t\t<\/div>\n\n\t\n\n\n<style>\n#row-1917895853 > .col > .col-inner {\n  padding: 25px 25px 25px 25px;\n  background-color: rgb(255,255,255);\n  border-radius: 15px;\n}\n<\/style>\n<\/div>\n\n\t\t<\/div>\n\n\t\t\n<style>\n#section_1104063827 {\n  padding-top: 30px;\n  padding-bottom: 30px;\n  background-color: #f0f0f0;\n}\n<\/style>\n\t<\/section>\n\t\n\n\t<section class=\"section\" id=\"section_1590892284\">\n\t\t<div class=\"section-bg fill\" >\n\t\t\t\t\t\t\t\t\t\n\t\t\t\n\n\t\t<\/div>\n\n\t\t\n\n\t\t<div class=\"section-content relative\">\n\t\t\t\n\n<div class=\"row row-collapse row-full-width align-equal align-center\"  id=\"row-797375416\">\n\n\n\t<div id=\"col-1572128461\" class=\"col small-12 large-12\"  >\n\t\t\t\t<div class=\"col-inner\"  >\n\t\t\t\n\t\t\t\n\n\n  <div class=\"banner has-hover has-parallax\" id=\"banner-1124555014\">\n          <div class=\"banner-inner fill\">\n        <div class=\"banner-bg fill\" data-parallax=\"-4\" data-parallax-container=\".banner\" data-parallax-background>\n            <img loading=\"lazy\" decoding=\"async\" width=\"1638\" height=\"2048\" src=\"https:\/\/bullarebygdenscamping.se\/wp-content\/uploads\/2022\/06\/285351526_5273753219370938_5725556755285909434_n-1.jpg\" class=\"bg attachment-original size-original\" alt=\"\" \/>                        <div class=\"overlay\"><\/div>            \n                    <\/div>\n\t\t\n        <div class=\"banner-layers container\">\n            <div class=\"fill banner-link\"><\/div>            \n\n   <div id=\"text-box-1300431832\" class=\"text-box banner-layer x50 md-x50 lg-x50 y50 md-y50 lg-y50 res-text\">\n                                <div class=\"text-box-content text dark\">\n              \n              <div class=\"text-inner text-center\">\n                  \n\n<h2 class=\"uppercase\"><strong>F\u00d6LJ OSS P\u00c5 V\u00c5RA SOCIALA MEDIER<\/strong><\/h2>\n<div class=\"social-icons follow-icons\" ><a href=\"https:\/\/www.facebook.com\/bullarebygdensfamiljecamping\" target=\"_blank\" data-label=\"Facebook\" class=\"icon button circle is-outline tooltip facebook\" title=\"Follow on Facebook\" aria-label=\"Follow on Facebook\" rel=\"noopener nofollow\"><i class=\"icon-facebook\" aria-hidden=\"true\"><\/i><\/a><a href=\"https:\/\/www.instagram.com\/bullarebygdensfamiljecamping\/#\" target=\"_blank\" data-label=\"Instagram\" class=\"icon button circle is-outline tooltip instagram\" title=\"Follow on Instagram\" aria-label=\"Follow on Instagram\" rel=\"noopener nofollow\"><i class=\"icon-instagram\" aria-hidden=\"true\"><\/i><\/a><a href=\"https:\/\/www.youtube.com\/@bullarebygdenscamping3485\" data-label=\"YouTube\" target=\"_blank\" class=\"icon button circle is-outline tooltip youtube\" title=\"Follow on YouTube\" aria-label=\"Follow on YouTube\" rel=\"noopener nofollow\"><i class=\"icon-youtube\" aria-hidden=\"true\"><\/i><\/a><\/div>\n\n\n              <\/div>\n           <\/div>\n                            \n<style>\n#text-box-1300431832 {\n  width: 90%;\n}\n#text-box-1300431832 .text-box-content {\n  font-size: 180%;\n}\n@media (min-width:550px) {\n  #text-box-1300431832 {\n    width: 90%;\n  }\n  #text-box-1300431832 .text-box-content {\n    font-size: 170%;\n  }\n}\n@media (min-width:850px) {\n  #text-box-1300431832 {\n    width: 60%;\n  }\n  #text-box-1300431832 .text-box-content {\n    font-size: 200%;\n  }\n}\n<\/style>\n    <\/div>\n \n\n        <\/div>\n      <\/div>\n\n            \n<style>\n#banner-1124555014 {\n  padding-top: 500px;\n}\n#banner-1124555014 .overlay {\n  background-color: rgba(0,0,0,.5);\n}\n#banner-1124555014 .banner-bg img {\n  object-position: 45% 20%;\n}\n<\/style>\n  <\/div>\n\n\n\n\t\t<\/div>\n\t\t\t\t\t<\/div>\n\n\t\n\n<\/div>\n\n\t\t<\/div>\n\n\t\t\n<style>\n#section_1590892284 {\n  padding-top: 0px;\n  padding-bottom: 0px;\n}\n<\/style>\n\t<\/section>","protected":false},"excerpt":{"rendered":"","protected":false},"author":4,"featured_media":0,"parent":0,"menu_order":0,"comment_status":"closed","ping_status":"closed","template":"page-blank.php","meta":{"footnotes":""},"class_list":["post-1383","page","type-page","status-publish","hentry"],"_links":{"self":[{"href":"https:\/\/bullarebygdenscamping.se\/en\/wp-json\/wp\/v2\/pages\/1383","targetHints":{"allow":["GET"]}}],"collection":[{"href":"https:\/\/bullarebygdenscamping.se\/en\/wp-json\/wp\/v2\/pages"}],"about":[{"href":"https:\/\/bullarebygdenscamping.se\/en\/wp-json\/wp\/v2\/types\/page"}],"author":[{"embeddable":true,"href":"https:\/\/bullarebygdenscamping.se\/en\/wp-json\/wp\/v2\/users\/4"}],"replies":[{"embeddable":true,"href":"https:\/\/bullarebygdenscamping.se\/en\/wp-json\/wp\/v2\/comments?post=1383"}],"version-history":[{"count":5,"href":"https:\/\/bullarebygdenscamping.se\/en\/wp-json\/wp\/v2\/pages\/1383\/revisions"}],"predecessor-version":[{"id":3703,"href":"https:\/\/bullarebygdenscamping.se\/en\/wp-json\/wp\/v2\/pages\/1383\/revisions\/3703"}],"wp:attachment":[{"href":"https:\/\/bullarebygdenscamping.se\/en\/wp-json\/wp\/v2\/media?parent=1383"}],"curies":[{"name":"wp","href":"https:\/\/api.w.org\/{rel}","templated":true}]}}