{"id":1378,"date":"2022-03-24T16:36:59","date_gmt":"2022-03-24T15:36:59","guid":{"rendered":"http:\/\/bullarebygdenscamping.se.loopiadns.com\/?page_id=1378"},"modified":"2025-12-03T14:18:58","modified_gmt":"2025-12-03T13:18:58","slug":"kontakt","status":"publish","type":"page","link":"https:\/\/bullarebygdenscamping.se\/en\/kontakt\/","title":{"rendered":"Contact"},"content":{"rendered":"\n  <div id=\"page-header-2009311845\" class=\"page-header-wrapper\">\n  <div class=\"page-title dark simple-title has-parallax\">\n\n        <div class=\"page-title-bg\">\n      <div class=\"title-bg fill bg-fill\"\n        data-parallax-container=\".page-title\"\n        data-parallax-background\n        data-parallax=\"-3\">\n      <\/div>\n      <div class=\"title-overlay fill\"><\/div>\n    <\/div>\n    \n    <div class=\"page-title-inner container align-bottom text-center flex-row-col medium-flex-wrap\" >\n              <div class=\"title-wrapper is-xxlarge flex-col\">\n          <h1 class=\"entry-title mb-0\">\n            Kontakt          <\/h1>\n        <\/div>\n                    <div class=\"title-content flex-col\">\n        <div class=\"title-breadcrumbs pb-half pt-half\"><\/div>      <\/div>\n    <\/div>\n\n     \n<style>\n#page-header-2009311845 .page-title-inner {\n  min-height: 350px;\n}\n#page-header-2009311845 .title-bg {\n  background-image: url(https:\/\/bullarebygdenscamping.se\/wp-content\/uploads\/2023\/12\/222-1.jpg);\n  background-position: 55% 35%;\n}\n<\/style>\n  <\/div>\n    <\/div>\n  \n\n\n\t<section class=\"section has-parallax\" id=\"section_551613400\">\n\t\t<div class=\"section-bg fill\" data-parallax-container=\".section\" data-parallax-background data-parallax=\"-4\">\n\t\t\t<img loading=\"lazy\" decoding=\"async\" width=\"2560\" height=\"960\" src=\"https:\/\/bullarebygdenscamping.se\/wp-content\/uploads\/2025\/04\/AdobeStock_587876707-scaled.png\" class=\"bg attachment- size-\" alt=\"\" \/>\t\t\t\t\t\t<div class=\"section-bg-overlay absolute fill\"><\/div>\n\t\t\t\n\n\t\t<\/div>\n\n\t\t\n\n\t\t<div class=\"section-content relative\">\n\t\t\t\n\n<div class=\"row row-full-width align-middle align-center\"  id=\"row-692640168\">\n\n\n\t<div id=\"col-2079325395\" class=\"col medium-11 small-12 large-4\"  >\n\t\t\t\t<div class=\"col-inner\"  >\n\t\t\t\n\t\t\t\n\n\t<div id=\"text-71125735\" class=\"text\">\n\t\t\n\n<h2>Bullarebygdens familjecamping<\/h2>\n\t\t\n<style>\n#text-71125735 {\n  color: rgb(0,0,0);\n}\n#text-71125735 > * {\n  color: rgb(0,0,0);\n}\n<\/style>\n\t<\/div>\n\t\n\t<div id=\"text-2710222884\" class=\"text\">\n\t\t\n\n<p>Vassbotten 11<br \/>457 50 Bullaren<br \/><a href=\"tel:052552003\">0525-52003<\/a><br \/><a style=\"font-size: 110%;\" href=\"mailto:boka@bullarebygdenscamping.se\">boka@bullarebygdenscamping.se<\/a><\/p>\n<p>Gratis <strong>WI-FI<\/strong> p\u00e5 campingen: \u00a0&#8221;BC guest&#8221; med l\u00f6senordet &#8221;bullaren&#8221;.\u00a0<\/p>\n\t\t\n<style>\n#text-2710222884 {\n  color: rgb(0,0,0);\n}\n#text-2710222884 > * {\n  color: rgb(0,0,0);\n}\n<\/style>\n\t<\/div>\n\t\n<div class=\"social-icons follow-icons full-width text-left\" style=\"font-size:125%\"><a href=\"https:\/\/www.facebook.com\/bullarebygdensfamiljecamping\" target=\"_blank\" data-label=\"Facebook\" class=\"icon primary button circle tooltip facebook\" title=\"Follow on Facebook\" aria-label=\"Follow on Facebook\" rel=\"noopener nofollow\"><i class=\"icon-facebook\" aria-hidden=\"true\"><\/i><\/a><a href=\"https:\/\/www.instagram.com\/bullarebygdensfamiljecamping\" target=\"_blank\" data-label=\"Instagram\" class=\"icon primary button circle tooltip instagram\" title=\"Follow on Instagram\" aria-label=\"Follow on Instagram\" rel=\"noopener nofollow\"><i class=\"icon-instagram\" aria-hidden=\"true\"><\/i><\/a><\/div>\n\n\n\t\t<\/div>\n\t\t\t\t\n<style>\n#col-2079325395 > .col-inner {\n  padding: 25px 25px 25px 25px;\n}\n<\/style>\n\t<\/div>\n\n\t\n\n\t<div id=\"col-505930741\" class=\"col medium-11 small-12 large-5\"  data-animate=\"flipInX\">\n\t\t\t\t<div class=\"col-inner box-shadow-2\" style=\"background-color:rgb(255,255,255);\" >\n\t\t\t\n\t\t\t\n\n<div id=\"wpgmza_map\" class=\"wpgmza_map\" data-settings=\"{&quot;id&quot;:&quot;1&quot;,&quot;map_title&quot;:&quot;Min f\\u00f6rsta karta&quot;,&quot;map_width&quot;:&quot;100&quot;,&quot;map_height&quot;:&quot;400&quot;,&quot;map_start_lat&quot;:&quot;58.871840951763744&quot;,&quot;map_start_lng&quot;:&quot;11.542372669993323&quot;,&quot;map_start_location&quot;:&quot;45.950464398418106,-109.81550500000003&quot;,&quot;map_start_zoom&quot;:&quot;16&quot;,&quot;default_marker&quot;:&quot;&quot;,&quot;type&quot;:&quot;0&quot;,&quot;alignment&quot;:&quot;4&quot;,&quot;directions_enabled&quot;:&quot;0&quot;,&quot;styling_enabled&quot;:&quot;0&quot;,&quot;styling_json&quot;:&quot;&quot;,&quot;active&quot;:&quot;0&quot;,&quot;kml&quot;:&quot;&quot;,&quot;bicycle&quot;:&quot;0&quot;,&quot;traffic&quot;:&quot;0&quot;,&quot;dbox&quot;:&quot;0&quot;,&quot;dbox_width&quot;:&quot;&quot;,&quot;listmarkers&quot;:&quot;0&quot;,&quot;listmarkers_advanced&quot;:&quot;0&quot;,&quot;filterbycat&quot;:&quot;0&quot;,&quot;ugm_enabled&quot;:&quot;0&quot;,&quot;ugm_category_enabled&quot;:&quot;0&quot;,&quot;fusion&quot;:&quot;&quot;,&quot;map_width_type&quot;:&quot;%&quot;,&quot;map_height_type&quot;:&quot;px&quot;,&quot;mass_marker_support&quot;:&quot;0&quot;,&quot;ugm_access&quot;:&quot;0&quot;,&quot;order_markers_by&quot;:&quot;0&quot;,&quot;order_markers_choice&quot;:&quot;0&quot;,&quot;show_user_location&quot;:&quot;0&quot;,&quot;default_to&quot;:&quot;&quot;,&quot;other_settings&quot;:{&quot;map_type&quot;:1,&quot;sl_stroke_color&quot;:&quot;&quot;,&quot;sl_fill_color&quot;:&quot;&quot;,&quot;sl_stroke_opacity&quot;:&quot;&quot;,&quot;sl_fill_opacity&quot;:&quot;&quot;,&quot;transport_layer&quot;:false,&quot;action&quot;:&quot;wpgmza_save_map&quot;,&quot;redirect_to&quot;:&quot;\\\/wp-admin\\\/admin-post.php&quot;,&quot;map_id&quot;:&quot;1&quot;,&quot;http_referer&quot;:&quot;\\\/wp-admin\\\/admin.php?page=wp-google-maps-menu&amp;amp;action=edit&amp;amp;map_id=1&quot;,&quot;wpgmza_id&quot;:&quot;1&quot;,&quot;wpgmza_start_location&quot;:&quot;58.871840951763744,11.542372669993323&quot;,&quot;wpgmza_start_zoom&quot;:&quot;16&quot;,&quot;store_locator_enabled&quot;:false,&quot;store_locator_search_area&quot;:&quot;radial&quot;,&quot;wpgmza_store_locator_radius_style&quot;:&quot;legacy&quot;,&quot;wpgmza_store_locator_default_radius&quot;:&quot;10&quot;,&quot;store_locator_auto_area_max_zoom&quot;:&quot;&quot;,&quot;store_locator_distance&quot;:false,&quot;wpgmza_store_locator_position&quot;:false,&quot;store_locator_show_distance&quot;:false,&quot;store_locator_category&quot;:false,&quot;wpgmza_store_locator_use_their_location&quot;:false,&quot;wpgmza_store_locator_bounce&quot;:false,&quot;wpgmza_sl_animation&quot;:null,&quot;wpgmza_store_locator_hide_before_search&quot;:false,&quot;store_locator_query_string&quot;:&quot;&quot;,&quot;store_locator_location_placeholder&quot;:&quot;&quot;,&quot;store_locator_default_address&quot;:&quot;&quot;,&quot;store_locator_name_search&quot;:false,&quot;store_locator_name_string&quot;:&quot;&quot;,&quot;store_locator_not_found_message&quot;:&quot;&quot;,&quot;wpgmza_map_align&quot;:&quot;1&quot;,&quot;jump_to_nearest_marker_on_initialization&quot;:false,&quot;automatically_pan_to_users_location&quot;:false,&quot;override_users_location_zoom_level&quot;:false,&quot;override_users_location_zoom_levels&quot;:&quot;&quot;,&quot;show_distance_from_location&quot;:false,&quot;map_max_zoom&quot;:&quot;21&quot;,&quot;map_min_zoom&quot;:&quot;0&quot;,&quot;click_open_link&quot;:false,&quot;fit_maps_bounds_to_markers&quot;:false,&quot;fit_maps_bounds_to_markers_after_filtering&quot;:false,&quot;hide_point_of_interest&quot;:false,&quot;wpgmza_zoom_on_marker_click&quot;:false,&quot;wpgmza_zoom_on_marker_click_slider&quot;:&quot;&quot;,&quot;close_infowindow_on_map_click&quot;:false,&quot;disable_lightbox_images&quot;:false,&quot;use_Raw_Jpeg_Coordinates&quot;:false,&quot;disable_polygon_info_windows&quot;:false,&quot;enable_marker_ratings&quot;:false,&quot;enable_marker_labels&quot;:false,&quot;only_load_markers_within_viewport&quot;:false,&quot;zoom_level_mobile_override_enabled&quot;:false,&quot;zoom_level_mobile_override&quot;:&quot;&quot;,&quot;iw_primary_color&quot;:&quot;#000000&quot;,&quot;iw_accent_color&quot;:&quot;#000000&quot;,&quot;iw_text_color&quot;:&quot;#000000&quot;,&quot;wpgmza_listmarkers_by&quot;:&quot;0&quot;,&quot;wpgmza_marker_listing_position&quot;:false,&quot;zoom_level_on_marker_listing_override&quot;:false,&quot;zoom_level_on_marker_listing_click&quot;:&quot;&quot;,&quot;marker_listing_disable_zoom&quot;:false,&quot;datatable_no_result_message&quot;:&quot;&quot;,&quot;remove_search_box_datables&quot;:false,&quot;dataTable_pagination_style&quot;:null,&quot;datatable_search_string&quot;:&quot;&quot;,&quot;datatable_result_start&quot;:&quot;&quot;,&quot;datatable_result_of&quot;:&quot;&quot;,&quot;datatable_result_to&quot;:&quot;&quot;,&quot;datatable_result_total&quot;:&quot;&quot;,&quot;datatable_result_show&quot;:&quot;&quot;,&quot;datatable_result_entries&quot;:&quot;&quot;,&quot;wpgmza_savemap&quot;:&quot;Spara Karta \\u00bb&quot;}}\" data-map-id='1' Data-maps-engine='open-layers' data-shortcode-attributes=\"{&quot;id&quot;:&quot;1&quot;}\" style=\"display:block; overflow:auto; width:100%; height:400px; float:left;\"><\/div>\n\n\t\t<\/div>\n\t\t\t\t\n<style>\n#col-505930741 > .col-inner {\n  padding: 25px 0px 25px 25px;\n  border-radius: 25px;\n}\n@media (min-width:550px) {\n  #col-505930741 > .col-inner {\n    padding: 25px 25px 25px 25px;\n  }\n}\n<\/style>\n\t<\/div>\n\n\t\n\n<\/div>\n\n\t\t<\/div>\n\n\t\t\n<style>\n#section_551613400 {\n  padding-top: 30px;\n  padding-bottom: 30px;\n}\n#section_551613400 .section-bg-overlay {\n  background-color: rgba(255, 255, 255, 0.942);\n}\n<\/style>\n\t<\/section>\n\t\n\n\t<section class=\"section has-parallax\" id=\"section_714136178\">\n\t\t<div class=\"section-bg fill\" data-parallax-container=\".section\" data-parallax-background data-parallax=\"-4\">\n\t\t\t<img loading=\"lazy\" decoding=\"async\" width=\"1440\" height=\"1080\" src=\"https:\/\/bullarebygdenscamping.se\/wp-content\/uploads\/2024\/08\/maps-3-1.jpg\" class=\"bg attachment-original size-original\" alt=\"\" \/>\t\t\t\t\t\t<div class=\"section-bg-overlay absolute fill\"><\/div>\n\t\t\t\n\n\t\t<\/div>\n\n\t\t\t<div class=\"ux-shape-divider ux-shape-divider--top ux-shape-divider--style-arrow\">\n\t\t<svg viewBox=\"0 0 1000 100\" xmlns=\"http:\/\/www.w3.org\/2000\/svg\" preserveAspectRatio=\"none\">\n\t<path class=\"ux-shape-fill\" d=\"M1000 100H0L0 96H483L500 79L517 96H1000V100Z\"\/>\n<\/svg>\n\t<\/div>\n\n\n\t\t<div class=\"section-content relative\">\n\t\t\t\n\n<div class=\"row row-full-width align-middle align-center\"  id=\"row-1864290133\">\n\n\n\t<div id=\"col-1750584811\" class=\"col medium-4 small-12 large-4\"  >\n\t\t\t\t<div class=\"col-inner\"  >\n\t\t\t\n\t\t\t\n\n\t<div id=\"text-275139649\" class=\"text\">\n\t\t\n\n<h1>Fyll i din felanm\u00e4lan s\u00e5 hj\u00e4lper vi dig<\/h1>\n\t\t\n<style>\n#text-275139649 {\n  color: rgb(255,255,255);\n}\n#text-275139649 > * {\n  color: rgb(255,255,255);\n}\n<\/style>\n\t<\/div>\n\t\n\t<div id=\"text-1482183141\" class=\"text\">\n\t\t\n\n<p class=\"\" data-start=\"61\" data-end=\"386\">Har du uppt\u00e4ckt n\u00e5got som inte fungerar som det ska \u2013 exempelvis trasiga lampor, problem i servicehuset eller n\u00e5got annat som p\u00e5verkar din vistelse? Fyll g\u00e4rna i v\u00e5rt felanm\u00e4lningsformul\u00e4r. Vi tar emot alla typer av felrapporter och ser till att \u00e5tg\u00e4rda problemen s\u00e5 snabbt vi kan.<\/p>\n<p class=\"\" data-start=\"388\" data-end=\"540\">Ditt engagemang hj\u00e4lper oss att h\u00e5lla campingen trygg, trivsam och i b\u00e4sta m\u00f6jliga skick \u2013 f\u00f6r b\u00e5de dig och framtida g\u00e4ster. Tack f\u00f6r att du s\u00e4ger till!<\/p>\n\t\t\n<style>\n#text-1482183141 {\n  color: rgb(255,255,255);\n}\n#text-1482183141 > * {\n  color: rgb(255,255,255);\n}\n<\/style>\n\t<\/div>\n\t\n\n\t\t<\/div>\n\t\t\t\t\n<style>\n#col-1750584811 > .col-inner {\n  padding: 25px 25px 25px 25px;\n}\n<\/style>\n\t<\/div>\n\n\t\n\n\t<div id=\"col-1743006995\" class=\"col medium-5 small-12 large-5\"  >\n\t\t\t\t<div class=\"col-inner\"  >\n\t\t\t\n\t\t\t\n\n<p>\n\t<div id=\"text-891447854\" class=\"text\">\n\t\t\n\n<h2>FORMUL\u00c4R<\/h2>\n\t\t\n<style>\n#text-891447854 {\n  color: rgb(255,255,255);\n}\n#text-891447854 > * {\n  color: rgb(255,255,255);\n}\n<\/style>\n\t<\/div>\n\t\n\n<div class=\"wpcf7 no-js\" id=\"wpcf7-f3670-o1\" lang=\"sv-SE\" dir=\"ltr\" data-wpcf7-id=\"3670\">\n<div class=\"screen-reader-response\"><p role=\"status\" aria-live=\"polite\" aria-atomic=\"true\"><\/p> <ul><\/ul><\/div>\n<form action=\"\/en\/wp-json\/wp\/v2\/pages\/1378#wpcf7-f3670-o1\" method=\"post\" class=\"wpcf7-form init\" aria-label=\"Kontaktformul\u00e4r\" novalidate=\"novalidate\" data-status=\"init\">\n<fieldset class=\"hidden-fields-container\"><input type=\"hidden\" name=\"_wpcf7\" value=\"3670\" \/><input type=\"hidden\" name=\"_wpcf7_version\" value=\"6.1.5\" \/><input type=\"hidden\" name=\"_wpcf7_locale\" value=\"sv_SE\" \/><input type=\"hidden\" name=\"_wpcf7_unit_tag\" value=\"wpcf7-f3670-o1\" \/><input type=\"hidden\" name=\"_wpcf7_container_post\" value=\"0\" \/><input type=\"hidden\" name=\"_wpcf7_posted_data_hash\" value=\"\" \/><input type=\"hidden\" name=\"_wpcf7_recaptcha_response\" value=\"\" \/>\n<\/fieldset>\n\t\t\t\t<style>\n\t\t\t\t\t.uacf7-uacf7style-3670 label {\n\t\t\t\t\t\tfont-style: normal;font-weight: normal;\t\t\t\t\t}\n\n\t\t\t\t\t.uacf7-uacf7style-3670 input[type=\"email\"],\n\t\t\t\t\t.uacf7-uacf7style-3670 input[type=\"number\"],\n\t\t\t\t\t.uacf7-uacf7style-3670 input[type=\"password\"],\n\t\t\t\t\t.uacf7-uacf7style-3670 input[type=\"search\"],\n\t\t\t\t\t.uacf7-uacf7style-3670 input[type=\"tel\"],\n\t\t\t\t\t.uacf7-uacf7style-3670 input[type=\"text\"],\n\t\t\t\t\t.uacf7-uacf7style-3670 input[type=\"url\"],\n\t\t\t\t\t.uacf7-uacf7style-3670 input[type=\"date\"],\n\t\t\t\t\t.uacf7-uacf7style-3670 input[type=\"radio\"],\n\t\t\t\t\t.uacf7-uacf7style-3670 input[type=\"checkbox\"],\n\t\t\t\t\t.uacf7-uacf7style-3670 select,\n\t\t\t\t\t.uacf7-uacf7style-3670 textarea {\n\t\t\t\t\t\tfont-style: normal;font-weight: normal;border-style: solid!important;border-radius: 15px;\t\t\t\t\t}\n\n\t\t\t\t\t.uacf7-uacf7style-3670 .wpcf7-radio span,\n\t\t\t\t\t.uacf7-uacf7style-3670 .wpcf7-checkbox span {\n\t\t\t\t\t\tfont-style: normal;font-weight: normal;\t\t\t\t\t}\n\n\t\t\t\t\t.uacf7-uacf7style-3670 textarea {\n\t\t\t\t\t\t\t\t\t\t\t}\n\n\t\t\t\t\t.wpcf7-form-control-wrap select {\n\t\t\t\t\t\twidth: 100%;\n\t\t\t\t\t}\n\n\t\t\t\t\t.uacf7-uacf7style-3670 input[type=\"submit\"] {\n\t\t\t\t\t\tbackground-color: #d26e4c;font-style: normal;font-weight: normal;border-style: none;\t\t\t\t\t}\n\n\t\t\t\t\t.uacf7-uacf7style-3670 input[type=\"submit\"]:hover {\n\t\t\t\t\t\tbackground-color: #d1552b;\t\t\t\t\t}\n\n\t\t\t\t\t\t\t\t\t<\/style>\n\n\t\t\t\t<div class=\"uacf7-uacf7style uacf7-uacf7style-3670\"><div class=\"uacf7-form-wrapper-container uacf7-form-3670  uacf7-uacf7style uacf7-uacf7style-3670\"><span class=\"wpcf7-form-control-wrap\" data-name=\"date-363\"><input class=\"wpcf7-form-control wpcf7-date wpcf7-validates-as-date\" aria-invalid=\"false\" value=\"\" type=\"date\" name=\"date-363\" \/><\/span>\n\n<span class=\"wpcf7-form-control-wrap\" data-name=\"anmalare\"><input size=\"40\" maxlength=\"400\" class=\"wpcf7-form-control wpcf7-text wpcf7-validates-as-required\" aria-required=\"true\" aria-invalid=\"false\" placeholder=\"Anm\u00e4lare\" value=\"\" type=\"text\" name=\"anmalare\" \/><\/span>\n\n<span class=\"wpcf7-form-control-wrap\" data-name=\"tel-452\"><input size=\"40\" maxlength=\"400\" class=\"wpcf7-form-control wpcf7-tel wpcf7-validates-as-required wpcf7-text wpcf7-validates-as-tel\" aria-required=\"true\" aria-invalid=\"false\" placeholder=\"Telefon\" value=\"\" type=\"tel\" name=\"tel-452\" \/><\/span>\n\n<span class=\"wpcf7-form-control-wrap\" data-name=\"textarea-470\"><textarea cols=\"40\" rows=\"10\" maxlength=\"2000\" class=\"wpcf7-form-control wpcf7-textarea\" aria-invalid=\"false\" placeholder=\"Beskriv felet samt plats d\u00e4r felet uppt\u00e4ckts!\" name=\"textarea-470\"><\/textarea><\/span>\n\n<input class=\"wpcf7-form-control wpcf7-submit has-spinner\" type=\"submit\" value=\"Skicka\" \/><\/div><\/div><p style=\"display: none !important;\" class=\"akismet-fields-container\" data-prefix=\"_wpcf7_ak_\"><label>&#916;<textarea name=\"_wpcf7_ak_hp_textarea\" cols=\"45\" rows=\"8\" maxlength=\"100\"><\/textarea><\/label><input type=\"hidden\" id=\"ak_js_1\" name=\"_wpcf7_ak_js\" value=\"142\"\/><script>document.getElementById( \"ak_js_1\" ).setAttribute( \"value\", ( new Date() ).getTime() );<\/script><\/p><div class=\"wpcf7-response-output\" aria-hidden=\"true\"><\/div>\n<\/form>\n<\/div>\n\n\n<\/p>\n\n\t\t<\/div>\n\t\t\t\t\n<style>\n#col-1743006995 > .col-inner {\n  padding: 25px 25px 25px 25px;\n}\n<\/style>\n\t<\/div>\n\n\t\n\n<\/div>\n\n\t\t<\/div>\n\n\t\t\n<style>\n#section_714136178 {\n  padding-top: 30px;\n  padding-bottom: 30px;\n}\n#section_714136178 .section-bg-overlay {\n  background-color: rgba(0, 0, 0, 0.622);\n}\n#section_714136178 .section-bg img {\n  object-position: 48% 41%;\n}\n#section_714136178 .ux-shape-divider--top svg {\n  height: 150px;\n  --divider-top-width: 100%;\n}\n#section_714136178 .ux-shape-divider--top .ux-shape-fill {\n  fill: #f0f0f0;\n}\n<\/style>\n\t<\/section>\n\t\n\n","protected":false},"excerpt":{"rendered":"","protected":false},"author":4,"featured_media":0,"parent":0,"menu_order":0,"comment_status":"closed","ping_status":"closed","template":"page-blank.php","meta":{"footnotes":""},"class_list":["post-1378","page","type-page","status-publish","hentry"],"_links":{"self":[{"href":"https:\/\/bullarebygdenscamping.se\/en\/wp-json\/wp\/v2\/pages\/1378","targetHints":{"allow":["GET"]}}],"collection":[{"href":"https:\/\/bullarebygdenscamping.se\/en\/wp-json\/wp\/v2\/pages"}],"about":[{"href":"https:\/\/bullarebygdenscamping.se\/en\/wp-json\/wp\/v2\/types\/page"}],"author":[{"embeddable":true,"href":"https:\/\/bullarebygdenscamping.se\/en\/wp-json\/wp\/v2\/users\/4"}],"replies":[{"embeddable":true,"href":"https:\/\/bullarebygdenscamping.se\/en\/wp-json\/wp\/v2\/comments?post=1378"}],"version-history":[{"count":7,"href":"https:\/\/bullarebygdenscamping.se\/en\/wp-json\/wp\/v2\/pages\/1378\/revisions"}],"predecessor-version":[{"id":3736,"href":"https:\/\/bullarebygdenscamping.se\/en\/wp-json\/wp\/v2\/pages\/1378\/revisions\/3736"}],"wp:attachment":[{"href":"https:\/\/bullarebygdenscamping.se\/en\/wp-json\/wp\/v2\/media?parent=1378"}],"curies":[{"name":"wp","href":"https:\/\/api.w.org\/{rel}","templated":true}]}}